{"id":1939,"date":"2014-12-26T18:41:32","date_gmt":"2014-12-26T10:41:32","guid":{"rendered":"http:\/\/www.rd-themes.com\/TheFox\/?page_id=1939"},"modified":"2024-07-09T15:12:59","modified_gmt":"2024-07-09T15:12:59","slug":"business-03","status":"publish","type":"page","link":"https:\/\/rekowski.com.pl\/","title":{"rendered":"Home"},"content":{"rendered":"<div class=\"wpb-content-wrapper\"><p>[vc_row type=&#8221;full-width-content&#8221; css=&#8221;.vc_custom_1424431432914{margin-bottom: 0px !important;padding-top: 0px !important;padding-bottom: 0px !important;}&#8221; parallax_background=&#8221;&#8221;][vc_column]\n\t\t\t<!-- START Landing01 REVOLUTION SLIDER 6.7.9 --><p class=\"rs-p-wp-fix\"><\/p>\n\t\t\t<rs-module-wrap id=\"rev_slider_1_1_wrapper\" data-source=\"gallery\" style=\"visibility:hidden;background:#2c3e50;padding:0;\">\n\t\t\t\t<rs-module id=\"rev_slider_1_1\" style=\"\" data-version=\"6.7.9\">\n\t\t\t\t\t<rs-slides style=\"overflow: hidden; position: absolute;\">\n\t\t\t\t\t\t<rs-slide style=\"position: absolute;\" data-key=\"rs-1\" data-title=\"Slide\" data-anim=\"ms:300;\" data-in=\"o:1;\" data-out=\"a:false;\">\n\t\t\t\t\t\t\t<img fetchpriority=\"high\" decoding=\"async\" src=\"\/\/rekowski.com.pl\/wp-content\/plugins\/revslider\/sr6\/assets\/assets\/dummy.png\" alt=\"\" title=\"red tractor mows the grass\" width=\"1336\" height=\"550\" class=\"rev-slidebg tp-rs-img rs-lazyload\" data-lazyload=\"\/\/rekowski.com.pl\/wp-content\/uploads\/2024\/06\/glowna_slider_przycieta.jpeg\" data-parallax=\"1\" data-no-retina>\n<!--\n\t\t\t\t\t\t\t--><rs-layer\n\t\t\t\t\t\t\t\tid=\"slider-1-slide-1-layer-0\" \n\t\t\t\t\t\t\t\tdata-type=\"text\"\n\t\t\t\t\t\t\t\tdata-color=\"#fff\"\n\t\t\t\t\t\t\t\tdata-rsp_ch=\"on\"\n\t\t\t\t\t\t\t\tdata-xy=\"xo:601px,601px,601px,14px;yo:362px,362px,362px,320px;\"\n\t\t\t\t\t\t\t\tdata-text=\"w:normal;s:40,40,40,25;l:30,30,30,21;fw:500;\"\n\t\t\t\t\t\t\t\tdata-dim=\"w:auto,auto,auto,437px;minh:0px,0px,0px,none;\"\n\t\t\t\t\t\t\t\tdata-frame_0=\"x:0,0,0,0px;y:0,0,0,0px;\"\n\t\t\t\t\t\t\t\tdata-frame_1=\"x:0,0,0,0px;y:0,0,0,0px;st:1660;sR:1660;\"\n\t\t\t\t\t\t\t\tdata-frame_999=\"o:0;st:w;sR:7040;\"\n\t\t\t\t\t\t\t\tstyle=\"z-index:11;font-family:'Roboto';\"\n\t\t\t\t\t\t\t>Cz\u0119\u015bci do kasiarek.Fartuchy ochronne. \n\t\t\t\t\t\t\t<\/rs-layer><!--\n\n\t\t\t\t\t\t\t--><a\n\t\t\t\t\t\t\t\tid=\"slider-1-slide-1-layer-2\" \n\t\t\t\t\t\t\t\tclass=\"rs-layer rev-btn\"\n\t\t\t\t\t\t\t\thref=\"\/kontakt\/\" target=\"_self\"\n\t\t\t\t\t\t\t\tdata-type=\"button\"\n\t\t\t\t\t\t\t\tdata-rsp_ch=\"on\"\n\t\t\t\t\t\t\t\tdata-xy=\"xo:901px,901px,901px,169px;yo:492px,492px,492px,424px;\"\n\t\t\t\t\t\t\t\tdata-text=\"w:normal;s:30,30,30,31;l:50,50,50,48;fw:500;\"\n\t\t\t\t\t\t\t\tdata-dim=\"minh:0px,0px,0px,none;\"\n\t\t\t\t\t\t\t\tdata-actions='o:click;a:menulink;target:_self;url:\/kontakt\/;sp:300;e:none;'\n\t\t\t\t\t\t\t\tdata-padding=\"r:25,25,25,26;l:25,25,25,26;\"\n\t\t\t\t\t\t\t\tdata-border=\"bor:25px,25px,25px,25px;\"\n\t\t\t\t\t\t\t\tdata-frame_0=\"x:0,0,0,0px;y:0,0,0,0px;\"\n\t\t\t\t\t\t\t\tdata-frame_1=\"x:0,0,0,0px;y:0,0,0,0px;st:2270;sR:2270;\"\n\t\t\t\t\t\t\t\tdata-frame_999=\"o:0;st:w;sR:6430;\"\n\t\t\t\t\t\t\t\tdata-frame_hover=\"bgc:#007aff;bor:25px,25px,25px,25px;bri:120%;\"\n\t\t\t\t\t\t\t\tstyle=\"z-index:12;background-color:#007aff;font-family:'Roboto';\"\n\t\t\t\t\t\t\t>Kontakt \n\t\t\t\t\t\t\t<\/a><!--\n\n\t\t\t\t\t\t\t--><rs-layer\n\t\t\t\t\t\t\t\tid=\"slider-1-slide-1-layer-8\" \n\t\t\t\t\t\t\t\tdata-type=\"text\"\n\t\t\t\t\t\t\t\tdata-rsp_ch=\"on\"\n\t\t\t\t\t\t\t\tdata-xy=\"x:c;xo:0,0,0,-2px;yo:233px,233px,233px,135px;\"\n\t\t\t\t\t\t\t\tdata-text=\"w:normal;s:70,70,70,61;l:90,90,90,79;\"\n\t\t\t\t\t\t\t\tdata-dim=\"w:467px,467px,467px,418px;\"\n\t\t\t\t\t\t\t\tdata-frame_1=\"st:730;sR:730;\"\n\t\t\t\t\t\t\t\tdata-frame_999=\"o:0;st:w;sR:7970;\"\n\t\t\t\t\t\t\t\tstyle=\"z-index:10;font-family:'Roboto';\"\n\t\t\t\t\t\t\t>R E K O W S K I \n\t\t\t\t\t\t\t<\/rs-layer><!--\n-->\t\t\t\t\t<\/rs-slide>\n\t\t\t\t\t<\/rs-slides>\n\t\t\t\t<\/rs-module>\n\t\t\t\t<script>\n\t\t\t\t\tsetREVStartSize({c: 'rev_slider_1_1',rl:[1240,1240,1240,480],el:[550,550,550,720],gw:[1915,1915,1915,480],gh:[550,550,550,720],type:'hero',justify:'',layout:'fullscreen',offsetContainer:'#header_container',offset:'',mh:\"0\"});if (window.RS_MODULES!==undefined && window.RS_MODULES.modules!==undefined && window.RS_MODULES.modules[\"revslider11\"]!==undefined) {window.RS_MODULES.modules[\"revslider11\"].once = false;window.revapi1 = undefined;if (window.RS_MODULES.checkMinimal!==undefined) window.RS_MODULES.checkMinimal()}\n\t\t\t\t<\/script>\n\t\t\t<\/rs-module-wrap>\n\t\t\t<!-- END REVOLUTION SLIDER -->\n[\/vc_column][\/vc_row][vc_row type=&#8221;full-width-content&#8221; parallax_background=&#8221;&#8221; css=&#8221;.vc_custom_1422685879437{margin-bottom: 0px !important;}&#8221;][vc_column width=&#8221;1\/3&#8243; animation=&#8221;rda_flipInY&#8221; css=&#8221;.vc_custom_1422685803705{padding-top: 5% !important;padding-right: 5% !important;padding-bottom: 5% !important;padding-left: 5% !important;background-color: #63d8ff !important;}&#8221; font_color=&#8221;#ffffff&#8221;][vc_custom_heading text=&#8221;CZ\u0118\u015aCI ZAMIENNE DO KOSIARKI ROTACYJNEJ&#8221; font_container=&#8221;tag:h2|font_size:15|text_align:left|color:%23ffffff&#8221; google_fonts=&#8221;font_family:Lato%3A100%2C100italic%2C300%2C300italic%2Cregular%2Citalic%2C700%2C700italic%2C900%2C900italic|font_style:900%20bold%20regular%3A900%3Anormal&#8221; css=&#8221;.vc_custom_1718362392115{margin-bottom: 2px !important;}&#8221; el_class=&#8221;letterspacing-1&#8243;][vc_column_text css=&#8221;.vc_custom_1718362613273{margin-bottom: 23px !important;}&#8221;]<\/p>\n<div class=\"text\">Produkujemy cz\u0119\u015bci zamienne do kosiarki rotacyjnej wysokiej jako\u015bci i 100 % powtarzalno\u015bci wyrob\u00f3w. Nasze do\u015bwiadczenie w produkcji cz\u0119\u015bci zamiennych zapewni\u0105 d\u0142ug\u0105 i bezawaryjn\u0105 prac\u0119 maszyny.<\/div>\n<p>[\/vc_column_text]<style type=\"text\/css\" >#b_i8rf3v0tg1p6f2kpj8cs a{color:#ffffff; background:#63d8ff; border-style:solid; border-color:#ffffff; margin-top:0px; margin-bottom:0px;  margin-left:0px; margin-right:0px; font-weight:900; border-radius:4px;}#b_i8rf3v0tg1p6f2kpj8cs a:hover{color:#63d8ff ; background:#ffffff ; border-color:#ffffff;}<\/style><div class=\"ta_left tf_btn_pos\" id=\"b_i8rf3v0tg1p6f2kpj8cs\" ><a class=\"rd_stroke_bt smallmedium_rd_bt border_2px  \" href=\"\/czesci-zamienne-do-kosiarki-rotacyjnej\/\" target=\"\"   >WI\u0118CEJ<\/a><\/div>[\/vc_column][vc_column width=&#8221;1\/3&#8243; animation=&#8221;rda_flipInY&#8221; css=&#8221;.vc_custom_1422770736765{padding-top: 5% !important;padding-right: 5% !important;padding-bottom: 5% !important;padding-left: 5% !important;background-color: #4e459a !important;}&#8221; font_color=&#8221;#ffffff&#8221;][vc_custom_heading text=&#8221;FARBY PROSZKOWE INVER&#8221; font_container=&#8221;tag:h2|font_size:15|text_align:left|color:%23ffffff&#8221; google_fonts=&#8221;font_family:Lato%3A100%2C100italic%2C300%2C300italic%2Cregular%2Citalic%2C700%2C700italic%2C900%2C900italic|font_style:900%20bold%20regular%3A900%3Anormal&#8221; css=&#8221;.vc_custom_1718362423802{margin-bottom: 2px !important;}&#8221; el_class=&#8221;letterspacing-1&#8243;][vc_column_text css=&#8221;.vc_custom_1718362416674{margin-bottom: 23px !important;}&#8221;]<\/p>\n<div class=\"text\">Farby proszkowe INVER gwarantuj\u0105 wysok\u0105 wydajno\u015b\u0107 oraz jako\u015b\u0107. Naszym celem jest dostarczenie farb proszkowych w dowolnie wskazane miejsce, przy zachowaniu jak najwy\u017cszej jako\u015bci obs\u0142ugi.<\/div>\n<p>[\/vc_column_text]<style type=\"text\/css\" >#b_a6yhr8985ftn6dvheynq a{color:#ffffff; background:#4e459a; border-style:solid; border-color:#ffffff; margin-top:0px; margin-bottom:0px;  margin-left:0px; margin-right:0px; font-weight:900; border-radius:4px;}#b_a6yhr8985ftn6dvheynq a:hover{color:#4e459a ; background:#ffffff ; border-color:#ffffff;}<\/style><div class=\"ta_left tf_btn_pos\" id=\"b_a6yhr8985ftn6dvheynq\" ><a class=\"rd_stroke_bt smallmedium_rd_bt border_2px  \" href=\"\/farby-proszkowe-inver\/\" target=\"\"   >WI\u0118CEJ<\/a><\/div>[\/vc_column][vc_column width=&#8221;1\/3&#8243; animation=&#8221;rda_flipInY&#8221; css=&#8221;.vc_custom_1422685791701{padding-top: 5% !important;padding-right: 5% !important;padding-bottom: 5% !important;padding-left: 5% !important;background-color: #e36968 !important;}&#8221; font_color=&#8221;#ffffff&#8221;][vc_custom_heading text=&#8221;US\u0141UGI CI\u0118CIA, GI\u0118CIA I SPAWANIA STALI&#8221; font_container=&#8221;tag:h2|font_size:15|text_align:left|color:%23ffffff&#8221; google_fonts=&#8221;font_family:Lato%3A100%2C100italic%2C300%2C300italic%2Cregular%2Citalic%2C700%2C700italic%2C900%2C900italic|font_style:900%20bold%20regular%3A900%3Anormal&#8221; css=&#8221;.vc_custom_1718362483029{margin-bottom: 2px !important;}&#8221; el_class=&#8221;letterspacing-1&#8243;][vc_column_text css=&#8221;.vc_custom_1718362455090{margin-bottom: 23px !important;}&#8221;]<\/p>\n<div class=\"text\">\u015awiadczymy us\u0142ugi z zakresu ci\u0119cia, gi\u0119cia i spawania stali. Posiadamy wieloletnie do\u015bwiadczenie w obr\u00f3bce metalu, dzi\u0119ki czemu nasze produkty i us\u0142ugi s\u0105 wysokiej jako\u015bci i w konkurencyjnej cenie.<\/div>\n<p>[\/vc_column_text]<style type=\"text\/css\" >#b_e2xegc88vxosbb1czywz a{color:#ffffff; background:#e36968; border-style:solid; border-color:#ffffff; margin-top:0px; margin-bottom:0px;  margin-left:0px; margin-right:0px; font-weight:900; border-radius:4px;}#b_e2xegc88vxosbb1czywz a:hover{color:#e36968 ; background:#ffffff ; border-color:#ffffff;}<\/style><div class=\"ta_left tf_btn_pos\" id=\"b_e2xegc88vxosbb1czywz\" ><a class=\"rd_stroke_bt smallmedium_rd_bt border_2px  \" href=\"#\" target=\"\"   >WI\u0118CEJ<\/a><\/div>[\/vc_column][\/vc_row][vc_row type=&#8221;full-width-section&#8221; css=&#8221;.vc_custom_1419596223991{margin-bottom: 100px;border-top-width: 1px;border-bottom-width: 1px;padding-top: 0px;padding-bottom: 0px;border-top-color: #e9e9e9;border-top-style: solid;border-bottom-color: #e9e9e9;border-bottom-style: solid;}&#8221;][vc_column][vc_custom_heading text=&#8221;Nasze projekty&#8221; font_container=&#8221;tag:h2|font_size:36|text_align:center|color:%232c3e50&#8243; google_fonts=&#8221;font_family:Lato%3A100%2C100italic%2C300%2C300italic%2Cregular%2Citalic%2C700%2C700italic%2C900%2C900italic|font_style:300%20light%20regular%3A300%3Anormal&#8221; css=&#8221;.vc_custom_1718363260173{margin-top: 50px !important;margin-bottom: 9px !important;}&#8221;]<style type=\"text\/css\" >#ic_zfnlixllj8cqbom90pi3 {margin:0px auto 0px; }#ic_zfnlixllj8cqbom90pi3 .owl-prev,#ic_zfnlixllj8cqbom90pi3 .owl-next{border-color:#ecf0f1; background:#ffffff; color:#575757; }#ic_zfnlixllj8cqbom90pi3 .owl-prev:hover,#ic_zfnlixllj8cqbom90pi3 .owl-next:hover{background:#f9fafb; color:#333333; }#ic_zfnlixllj8cqbom90pi3 .owl-prev:before,#ic_zfnlixllj8cqbom90pi3 .owl-next:after{border-color:#575757; }#ic_zfnlixllj8cqbom90pi3 .owl-prev:hover::before,#ic_zfnlixllj8cqbom90pi3 .owl-next:hover::after{border-color:#333333; }#ic_zfnlixllj8cqbom90pi3 .owl-dot{ background:#ffffff; border-color:#ecf0f1; }#ic_zfnlixllj8cqbom90pi3 .owl-dot.active{ background:#4285f4; border-color:#ecf0f1;}<\/style><script type=\"text\/javascript\" charset=\"utf-8\">\r\n\r\n\t\tjQuery.noConflict();\r\n\t\/\/setup up Carousel\r\n\t\tjQuery(document).ready(function($) {\r\n\t\"use strict\";\r\n\t$(window).load(function(){\r\n\t\t$(\"#ic_zfnlixllj8cqbom90pi3\").owlCarousel({\r\n\t\t\trtl: $(\"body\").hasClass(\"rtl\") ? true : false,\r\n\t\t\tresponsiveClass:true,\r\n\t\t\tcenter:true,\r\n\t\t\tloop:true,\r\n\t\t\tresponsive:{\r\n\t\t\t\t0:{\r\n\t\t\t\t\titems:1,\r\n\t\t\t    },\r\n\t\t\t    780:{\r\n\t\t\t        items:2,\r\n\t\t\t\t},\r\n\t\t\t\t1000:{\r\n\t\t\t\t    items:2,\r\n\t\t\t\t},\r\n\t\t\t},\r\n\t\t\t autoplay:true,\r\n\t\t\t autoplaySpeed: 800,\r\n\t   \t \t dots:true,\r\n\t\t\t nav:true,\r\n\t\r\n\t\t});\r\n\t});\r\n});\r\n\r\n<\/script><div class=\"tt_testimonials_ctn rd_ic_center   \" id=\"ic_zfnlixllj8cqbom90pi3\" style=\"margin-top:0px; margin-bottom:0px;\"><a href=\"https:\/\/rekowski.com.pl\/wp-content\/uploads\/2024\/06\/Fartuch-z-obciaznikiem-3_oferta.jpg\"  rel=\"prettyPhoto[rel-zfnlixllj8cqbom90pi3]\" ><img decoding=\"async\" width=\"300\" height=\"166\" src=\"https:\/\/rekowski.com.pl\/wp-content\/uploads\/2024\/06\/Fartuch-z-obciaznikiem-3_oferta-300x166.jpg\" class=\"attachment-medium\" alt=\"\" title=\"Fartuch-z-obci\u0105\u017cnikiem-3_oferta\" srcset=\"https:\/\/rekowski.com.pl\/wp-content\/uploads\/2024\/06\/Fartuch-z-obciaznikiem-3_oferta-300x166.jpg 300w, https:\/\/rekowski.com.pl\/wp-content\/uploads\/2024\/06\/Fartuch-z-obciaznikiem-3_oferta.jpg 650w\" sizes=\"(max-width: 300px) 100vw, 300px\" \/><\/a><a href=\"https:\/\/rekowski.com.pl\/wp-content\/uploads\/2024\/06\/Fartuch-rurka.jpg\"  rel=\"prettyPhoto[rel-zfnlixllj8cqbom90pi3]\" ><img decoding=\"async\" width=\"300\" height=\"199\" src=\"https:\/\/rekowski.com.pl\/wp-content\/uploads\/2024\/06\/Fartuch-rurka-300x199.jpg\" class=\"attachment-medium\" alt=\"\" title=\"Fartuch-rurka\" srcset=\"https:\/\/rekowski.com.pl\/wp-content\/uploads\/2024\/06\/Fartuch-rurka-300x199.jpg 300w, https:\/\/rekowski.com.pl\/wp-content\/uploads\/2024\/06\/Fartuch-rurka-768x510.jpg 768w, https:\/\/rekowski.com.pl\/wp-content\/uploads\/2024\/06\/Fartuch-rurka.jpg 1000w\" sizes=\"(max-width: 300px) 100vw, 300px\" \/><\/a><a href=\"https:\/\/rekowski.com.pl\/wp-content\/uploads\/2024\/06\/fartuch_ochronny_oferta.png\"  rel=\"prettyPhoto[rel-zfnlixllj8cqbom90pi3]\" ><img loading=\"lazy\" decoding=\"async\" width=\"300\" height=\"166\" src=\"https:\/\/rekowski.com.pl\/wp-content\/uploads\/2024\/06\/fartuch_ochronny_oferta-300x166.png\" class=\"attachment-medium\" alt=\"\" title=\"fartuch_ochronny_oferta\" srcset=\"https:\/\/rekowski.com.pl\/wp-content\/uploads\/2024\/06\/fartuch_ochronny_oferta-300x166.png 300w, https:\/\/rekowski.com.pl\/wp-content\/uploads\/2024\/06\/fartuch_ochronny_oferta.png 650w\" sizes=\"(max-width: 300px) 100vw, 300px\" \/><\/a><a href=\"https:\/\/rekowski.com.pl\/wp-content\/uploads\/2024\/06\/1200-mw-07-1024x1024.jpg\"  rel=\"prettyPhoto[rel-zfnlixllj8cqbom90pi3]\" ><img loading=\"lazy\" decoding=\"async\" width=\"300\" height=\"300\" src=\"https:\/\/rekowski.com.pl\/wp-content\/uploads\/2024\/06\/1200-mw-07-300x300.jpg\" class=\"attachment-medium\" alt=\"\" title=\"1200-mw-07\" srcset=\"https:\/\/rekowski.com.pl\/wp-content\/uploads\/2024\/06\/1200-mw-07-300x300.jpg 300w, https:\/\/rekowski.com.pl\/wp-content\/uploads\/2024\/06\/1200-mw-07-1024x1024.jpg 1024w, https:\/\/rekowski.com.pl\/wp-content\/uploads\/2024\/06\/1200-mw-07-150x150.jpg 150w, https:\/\/rekowski.com.pl\/wp-content\/uploads\/2024\/06\/1200-mw-07-768x768.jpg 768w, https:\/\/rekowski.com.pl\/wp-content\/uploads\/2024\/06\/1200-mw-07-570x570.jpg 570w, https:\/\/rekowski.com.pl\/wp-content\/uploads\/2024\/06\/1200-mw-07.jpg 1200w\" sizes=\"(max-width: 300px) 100vw, 300px\" \/><\/a><a href=\"https:\/\/rekowski.com.pl\/wp-content\/uploads\/2024\/06\/Belka-srodkowa-1024x1024.jpg\"  rel=\"prettyPhoto[rel-zfnlixllj8cqbom90pi3]\" ><img loading=\"lazy\" decoding=\"async\" width=\"300\" height=\"300\" src=\"https:\/\/rekowski.com.pl\/wp-content\/uploads\/2024\/06\/Belka-srodkowa-300x300.jpg\" class=\"attachment-medium\" alt=\"\" title=\"Belka-\u015brodkowa\" srcset=\"https:\/\/rekowski.com.pl\/wp-content\/uploads\/2024\/06\/Belka-srodkowa-300x300.jpg 300w, https:\/\/rekowski.com.pl\/wp-content\/uploads\/2024\/06\/Belka-srodkowa-1024x1024.jpg 1024w, https:\/\/rekowski.com.pl\/wp-content\/uploads\/2024\/06\/Belka-srodkowa-150x150.jpg 150w, https:\/\/rekowski.com.pl\/wp-content\/uploads\/2024\/06\/Belka-srodkowa-768x768.jpg 768w, https:\/\/rekowski.com.pl\/wp-content\/uploads\/2024\/06\/Belka-srodkowa-570x570.jpg 570w, https:\/\/rekowski.com.pl\/wp-content\/uploads\/2024\/06\/Belka-srodkowa.jpg 1200w\" sizes=\"(max-width: 300px) 100vw, 300px\" \/><\/a><a href=\"https:\/\/rekowski.com.pl\/wp-content\/uploads\/2024\/06\/Oslona-bebna-1024x1024.jpg\"  rel=\"prettyPhoto[rel-zfnlixllj8cqbom90pi3]\" ><img loading=\"lazy\" decoding=\"async\" width=\"300\" height=\"300\" src=\"https:\/\/rekowski.com.pl\/wp-content\/uploads\/2024\/06\/Oslona-bebna-300x300.jpg\" class=\"attachment-medium\" alt=\"\" title=\"Os\u0142ona-b\u0119bna\" srcset=\"https:\/\/rekowski.com.pl\/wp-content\/uploads\/2024\/06\/Oslona-bebna-300x300.jpg 300w, https:\/\/rekowski.com.pl\/wp-content\/uploads\/2024\/06\/Oslona-bebna-1024x1024.jpg 1024w, https:\/\/rekowski.com.pl\/wp-content\/uploads\/2024\/06\/Oslona-bebna-150x150.jpg 150w, https:\/\/rekowski.com.pl\/wp-content\/uploads\/2024\/06\/Oslona-bebna-768x768.jpg 768w, https:\/\/rekowski.com.pl\/wp-content\/uploads\/2024\/06\/Oslona-bebna-570x570.jpg 570w, https:\/\/rekowski.com.pl\/wp-content\/uploads\/2024\/06\/Oslona-bebna.jpg 1200w\" sizes=\"(max-width: 300px) 100vw, 300px\" \/><\/a><a href=\"https:\/\/rekowski.com.pl\/wp-content\/uploads\/2024\/06\/Oslona-metalowa-21-1024x1024.jpg\"  rel=\"prettyPhoto[rel-zfnlixllj8cqbom90pi3]\" ><img loading=\"lazy\" decoding=\"async\" width=\"300\" height=\"300\" src=\"https:\/\/rekowski.com.pl\/wp-content\/uploads\/2024\/06\/Oslona-metalowa-21-300x300.jpg\" class=\"attachment-medium\" alt=\"\" title=\"Os\u0142ona-metalowa-21\" srcset=\"https:\/\/rekowski.com.pl\/wp-content\/uploads\/2024\/06\/Oslona-metalowa-21-300x300.jpg 300w, https:\/\/rekowski.com.pl\/wp-content\/uploads\/2024\/06\/Oslona-metalowa-21-1024x1024.jpg 1024w, https:\/\/rekowski.com.pl\/wp-content\/uploads\/2024\/06\/Oslona-metalowa-21-150x150.jpg 150w, https:\/\/rekowski.com.pl\/wp-content\/uploads\/2024\/06\/Oslona-metalowa-21-768x768.jpg 768w, https:\/\/rekowski.com.pl\/wp-content\/uploads\/2024\/06\/Oslona-metalowa-21-570x570.jpg 570w, https:\/\/rekowski.com.pl\/wp-content\/uploads\/2024\/06\/Oslona-metalowa-21.jpg 1200w\" sizes=\"(max-width: 300px) 100vw, 300px\" \/><\/a><a href=\"https:\/\/rekowski.com.pl\/wp-content\/uploads\/2024\/06\/Plyta-tylna-okular-1024x1024.jpg\"  rel=\"prettyPhoto[rel-zfnlixllj8cqbom90pi3]\" ><img loading=\"lazy\" decoding=\"async\" width=\"300\" height=\"300\" src=\"https:\/\/rekowski.com.pl\/wp-content\/uploads\/2024\/06\/Plyta-tylna-okular-300x300.jpg\" class=\"attachment-medium\" alt=\"\" title=\"P\u0142yta-tylna-okular\" srcset=\"https:\/\/rekowski.com.pl\/wp-content\/uploads\/2024\/06\/Plyta-tylna-okular-300x300.jpg 300w, https:\/\/rekowski.com.pl\/wp-content\/uploads\/2024\/06\/Plyta-tylna-okular-1024x1024.jpg 1024w, https:\/\/rekowski.com.pl\/wp-content\/uploads\/2024\/06\/Plyta-tylna-okular-150x150.jpg 150w, https:\/\/rekowski.com.pl\/wp-content\/uploads\/2024\/06\/Plyta-tylna-okular-768x768.jpg 768w, https:\/\/rekowski.com.pl\/wp-content\/uploads\/2024\/06\/Plyta-tylna-okular-570x570.jpg 570w, https:\/\/rekowski.com.pl\/wp-content\/uploads\/2024\/06\/Plyta-tylna-okular.jpg 1200w\" sizes=\"(max-width: 300px) 100vw, 300px\" \/><\/a><a href=\"https:\/\/rekowski.com.pl\/wp-content\/uploads\/2024\/06\/Rama-zawieszenia2-kosiarka-rotacyjna-185-1024x1024.jpg\"  rel=\"prettyPhoto[rel-zfnlixllj8cqbom90pi3]\" ><img loading=\"lazy\" decoding=\"async\" width=\"300\" height=\"300\" src=\"https:\/\/rekowski.com.pl\/wp-content\/uploads\/2024\/06\/Rama-zawieszenia2-kosiarka-rotacyjna-185-300x300.jpg\" class=\"attachment-medium\" alt=\"\" title=\"Rama-zawieszenia2-kosiarka-rotacyjna-185\" srcset=\"https:\/\/rekowski.com.pl\/wp-content\/uploads\/2024\/06\/Rama-zawieszenia2-kosiarka-rotacyjna-185-300x300.jpg 300w, https:\/\/rekowski.com.pl\/wp-content\/uploads\/2024\/06\/Rama-zawieszenia2-kosiarka-rotacyjna-185-1024x1024.jpg 1024w, https:\/\/rekowski.com.pl\/wp-content\/uploads\/2024\/06\/Rama-zawieszenia2-kosiarka-rotacyjna-185-150x150.jpg 150w, https:\/\/rekowski.com.pl\/wp-content\/uploads\/2024\/06\/Rama-zawieszenia2-kosiarka-rotacyjna-185-768x768.jpg 768w, https:\/\/rekowski.com.pl\/wp-content\/uploads\/2024\/06\/Rama-zawieszenia2-kosiarka-rotacyjna-185-570x570.jpg 570w, https:\/\/rekowski.com.pl\/wp-content\/uploads\/2024\/06\/Rama-zawieszenia2-kosiarka-rotacyjna-185.jpg 1200w\" sizes=\"(max-width: 300px) 100vw, 300px\" \/><\/a><a href=\"https:\/\/rekowski.com.pl\/wp-content\/uploads\/2024\/06\/Rama-zawieszenia-kosiarka-rotacyjan-185-1024x1024.jpg\"  rel=\"prettyPhoto[rel-zfnlixllj8cqbom90pi3]\" ><img loading=\"lazy\" decoding=\"async\" width=\"300\" height=\"300\" src=\"https:\/\/rekowski.com.pl\/wp-content\/uploads\/2024\/06\/Rama-zawieszenia-kosiarka-rotacyjan-185-300x300.jpg\" class=\"attachment-medium\" alt=\"\" title=\"Rama-zawieszenia-kosiarka-rotacyjan-185\" srcset=\"https:\/\/rekowski.com.pl\/wp-content\/uploads\/2024\/06\/Rama-zawieszenia-kosiarka-rotacyjan-185-300x300.jpg 300w, https:\/\/rekowski.com.pl\/wp-content\/uploads\/2024\/06\/Rama-zawieszenia-kosiarka-rotacyjan-185-1024x1024.jpg 1024w, https:\/\/rekowski.com.pl\/wp-content\/uploads\/2024\/06\/Rama-zawieszenia-kosiarka-rotacyjan-185-150x150.jpg 150w, https:\/\/rekowski.com.pl\/wp-content\/uploads\/2024\/06\/Rama-zawieszenia-kosiarka-rotacyjan-185-768x768.jpg 768w, https:\/\/rekowski.com.pl\/wp-content\/uploads\/2024\/06\/Rama-zawieszenia-kosiarka-rotacyjan-185-570x570.jpg 570w, https:\/\/rekowski.com.pl\/wp-content\/uploads\/2024\/06\/Rama-zawieszenia-kosiarka-rotacyjan-185.jpg 1200w\" sizes=\"(max-width: 300px) 100vw, 300px\" \/><\/a><\/div>[\/vc_column][\/vc_row]<\/p>\n<\/div>","protected":false},"excerpt":{"rendered":"<p>[vc_row type=&#8221;full-width-content&#8221; css=&#8221;.vc_custom_1424431432914{margin-bottom: 0px !important;padding-top: 0px !important;padding-bottom: 0px !important;}&#8221; parallax_background=&#8221;&#8221;][vc_column] Cz\u0119\u015bci do kasiarek.Fartuchy ochronne. Kontakt R E K O W S K I [\/vc_column][\/vc_row][vc_row type=&#8221;full-width-content&#8221; parallax_background=&#8221;&#8221; css=&#8221;.vc_custom_1422685879437{margin-bottom: 0px !important;}&#8221;][vc_column width=&#8221;1\/3&#8243; animation=&#8221;rda_flipInY&#8221; css=&#8221;.vc_custom_1422685803705{padding-top: 5% !important;padding-right: 5% !important;padding-bottom: 5% !important;padding-left: 5% !important;background-color: #63d8ff !important;}&#8221; font_color=&#8221;#ffffff&#8221;][vc_custom_heading text=&#8221;CZ\u0118\u015aCI ZAMIENNE DO KOSIARKI ROTACYJNEJ&#8221; font_container=&#8221;tag:h2|font_size:15|text_align:left|color:%23ffffff&#8221; google_fonts=&#8221;font_family:Lato%3A100%2C100italic%2C300%2C300italic%2Cregular%2Citalic%2C700%2C700italic%2C900%2C900italic|font_style:900%20bold%20regular%3A900%3Anormal&#8221; css=&#8221;.vc_custom_1718362392115{margin-bottom: 2px !important;}&#8221; el_class=&#8221;letterspacing-1&#8243;][vc_column_text css=&#8221;.vc_custom_1718362613273{margin-bottom:<br \/><a href=\"https:\/\/rekowski.com.pl\/\" class=\"more\">Read more<\/a><\/p>\n","protected":false},"author":1,"featured_media":0,"parent":0,"menu_order":0,"comment_status":"closed","ping_status":"closed","template":"","meta":{"footnotes":""},"categories":[],"tags":[],"class_list":["post-1939","page","type-page","status-publish","hentry"],"_links":{"self":[{"href":"https:\/\/rekowski.com.pl\/index.php?rest_route=\/wp\/v2\/pages\/1939","targetHints":{"allow":["GET"]}}],"collection":[{"href":"https:\/\/rekowski.com.pl\/index.php?rest_route=\/wp\/v2\/pages"}],"about":[{"href":"https:\/\/rekowski.com.pl\/index.php?rest_route=\/wp\/v2\/types\/page"}],"author":[{"embeddable":true,"href":"https:\/\/rekowski.com.pl\/index.php?rest_route=\/wp\/v2\/users\/1"}],"replies":[{"embeddable":true,"href":"https:\/\/rekowski.com.pl\/index.php?rest_route=%2Fwp%2Fv2%2Fcomments&post=1939"}],"version-history":[{"count":25,"href":"https:\/\/rekowski.com.pl\/index.php?rest_route=\/wp\/v2\/pages\/1939\/revisions"}],"predecessor-version":[{"id":7595,"href":"https:\/\/rekowski.com.pl\/index.php?rest_route=\/wp\/v2\/pages\/1939\/revisions\/7595"}],"wp:attachment":[{"href":"https:\/\/rekowski.com.pl\/index.php?rest_route=%2Fwp%2Fv2%2Fmedia&parent=1939"}],"wp:term":[{"taxonomy":"category","embeddable":true,"href":"https:\/\/rekowski.com.pl\/index.php?rest_route=%2Fwp%2Fv2%2Fcategories&post=1939"},{"taxonomy":"post_tag","embeddable":true,"href":"https:\/\/rekowski.com.pl\/index.php?rest_route=%2Fwp%2Fv2%2Ftags&post=1939"}],"curies":[{"name":"wp","href":"https:\/\/api.w.org\/{rel}","templated":true}]}}