{"id":3,"date":"2024-06-12T09:39:16","date_gmt":"2024-06-12T09:39:16","guid":{"rendered":"https:\/\/rekowski2.blogcat.uk\/?page_id=3"},"modified":"2024-07-09T13:52:11","modified_gmt":"2024-07-09T13:52:11","slug":"polityka-prywatnosci","status":"publish","type":"page","link":"https:\/\/rekowski.com.pl\/?page_id=3","title":{"rendered":"Polityka Prywatno\u015bci"},"content":{"rendered":"\t\t<div data-elementor-type=\"wp-page\" data-elementor-id=\"3\" class=\"elementor elementor-3\" data-elementor-post-type=\"page\">\n\t\t\t\t<div class=\"elementor-element elementor-element-62ae9abb e-flex e-con-boxed e-con e-parent\" data-id=\"62ae9abb\" data-element_type=\"container\" data-e-type=\"container\">\n\t\t\t\t\t<div class=\"e-con-inner\">\n\t\t\t\t<div class=\"elementor-element elementor-element-89bd5cc elementor-widget elementor-widget-text-editor\" data-id=\"89bd5cc\" data-element_type=\"widget\" data-e-type=\"widget\" data-widget_type=\"text-editor.default\">\n\t\t\t\t<div class=\"elementor-widget-container\">\n\t\t\t\t\t\t\t\t\t<header class=\"page-header\">\n<h1 class=\"page-title\">Polityka prywatno\u015bci<\/h1>\n<\/header>\n<div class=\"page-content\">\n<div class=\"elementor elementor-3\" data-elementor-type=\"wp-page\" data-elementor-id=\"3\" data-elementor-post-type=\"page\">\n<div class=\"elementor-element elementor-element-627438ba e-flex e-con-boxed e-con e-parent\" data-id=\"627438ba\" data-element_type=\"container\" data-settings=\"{&quot;jet_parallax_layout_list&quot;:[]}\">\n<div class=\"e-con-inner\">\n<div class=\"elementor-element elementor-element-453fa5bf elementor-widget elementor-widget-text-editor\" data-id=\"453fa5bf\" data-element_type=\"widget\" data-widget_type=\"text-editor.default\">\n<div class=\"elementor-widget-container\">\n<p><strong>POLITYKA PRYWATNO\u015aCI<\/strong><br \/><strong>SERWISU REKOWSKI.COM.PL<\/strong><\/p>\n<p>\u00a71<br \/>Informacje og\u00f3lne<br \/>Polityka skierowana jest do u\u017cytkownik\u00f3w strony internetowej https:\/\/rekowski.com.pl (zwanej dalej: \u201eSerwisem\u201d). W niniejszym dokumencie (zwanym dalej: \u201ePolityk\u0105\u201d) zosta\u0142y opisane zasady gromadzenia oraz wykorzystywania danych u\u017cytkownik\u00f3w serwisu, kt\u00f3re s\u0105 gromadzone bezpo\u015brednio od nich lub za po\u015brednictwem plik\u00f3w cookies oraz podobnych technologii.<\/p>\n<p>\u00a72<br \/>Administrator danych i kontakt do niego<br \/>1. Administratorem danych gromadzonych w zwi\u0105zku z korzystaniem z Serwisu jest FIRMA REKOWSKI NIP<br \/>8421059414<br \/>Ul. Zwyci\u0119stwa 48, 77-141 Borzytuchom (zwany dalej: \u201eAdministratorem\u201d) tel.: +48 605-285-319, adres email: biuro@rekowski.com.pl.<br \/>2. W sprawach zwi\u0105zanych z przetwarzaniem Pa\u0144stwa danych przez Administratora mo\u017cna kontaktowa\u0107 si\u0119 z wykorzystaniem powy\u017cszych danych adresowych.<br \/>\u00a73<br \/>Zakres zbieranych danych<br \/>1. Serwis umo\u017cliwia Pani\/u kontaktowanie si\u0119 z Administratorem i przekazanie mu Pani\/a danych identyfikacyjnych, kontaktowych, a tak\u017ce zwi\u0105zanych z tre\u015bci\u0105 wiadomo\u015bci.<br \/>2. Administrator gromadzi dane zwi\u0105zane z Pani\/a aktywno\u015bci\u0105, jak na przyk\u0142ad czas sp\u0119dzony na stronie, wyszukiwane frazy, liczba wy\u015bwietlonych podstron, data i \u017ar\u00f3d\u0142o wizyty.<\/p>\n<p>\u00a74<br \/>\u0179r\u00f3d\u0142o danych<br \/>1. Je\u017celi kontaktowa\u0142a si\u0119 Pani\/Pan z Administratorem, dane zosta\u0142y udost\u0119pnione nam bezpo\u015brednio od Pani\/a.<br \/>2. Je\u017celi Pani\/a dane zosta\u0142y przekazane w zwi\u0105zku z za\u0142atwian\u0105 spraw\u0105 przez osob\u0119, kt\u00f3ra t\u0119 spraw\u0119 skierowa\u0142a do Administratora, to \u017ar\u00f3d\u0142em danych jest ta osoba. W takim wypadku Administrator otrzymuje dane identyfikacyjne, adresowe i zwi\u0105zane ze spraw\u0105, jak opis sprawy.<\/p>\n<p>\u00a75<br \/>Cel i podstawa prawna przetwarzania danych osobowych<br \/>Pani\/a dane mog\u0105 by\u0107 przetwarzane w celu:<br \/>1) analizy ruchu sieciowego, zapewnienia bezpiecze\u0144stwa w ramach Serwisu oraz dostosowywania tre\u015bci do potrzeb u\u017cytkownik\u00f3w na podstawie prawnie uzasadnionego interesu Administratora (art. 6 ust. 1 lit. f rozporz\u0105dzenia Parlamentu Europejskiego i Rady (UE) w sprawie ochrony os\u00f3b fizycznych w zwi\u0105zku z przetwarzaniem danych osobowych i w sprawie swobodnego przep\u0142ywu takich danych oraz uchylenia dyrektywy 95\/46\/WE (og\u00f3lne rozporz\u0105dzenie o ochronie danych) 2016\/679 z dnia 27 kwietnia 2016 roku, zwanego dalej: \u201eRODO\u201d);<br \/>2) udzielania odpowiedzi na zadane pytania, przekazania zam\u00f3wionej oferty i prowadzenia korespondencji w celu za\u0142atwienia sprawy, na podstawie Pani\/a zgody i prawnie uzasadnionego interesu administratora, jakim jest realizowanie \u017c\u0105da\u0144 u\u017cytkownik\u00f3w (art. 6 ust. 1 lit. a i f RODO).<\/p>\n<p>\u00a76<br \/>Prawo do wycofania zgody<br \/>Zgod\u0119 na przetwarzanie danych kontaktowych mo\u017ce Pani\/Pan wycofa\u0107 w dowolnym momencie kontaktuj\u0105c si\u0119 z Administratorem. Wycofanie zgody mo\u017ce utrudni\u0107 lub uniemo\u017cliwi\u0107 kontakt z Pani\u0105\/em.<\/p>\n<p>\u00a77<br \/>Obowi\u0105zek lub dobrowolno\u015b\u0107 podania danych<br \/>1. Podanie danych przez Pani\u0105\/a w celach zwi\u0105zanych z obs\u0142ug\u0105 sprawy jest dobrowolne, ale niezb\u0119dne. Ich niepodanie mo\u017ce utrudni\u0107 lub uniemo\u017cliwi\u0107 rozpatrzenie sprawy.<br \/>2. Podanie danych niezb\u0119dnych do analizy statycznej u\u017cytkownik\u00f3w Serwisu jest dobrowolne. Mo\u017ce Pan\/i skorzysta\u0107 z tzw. trybu incognito w celu przegl\u0105dania strony bez udost\u0119pniania Administratorowi informacji o Pani\/a wizycie w Serwisie. Korzystanie z trybu incognito, a zatem niepodanie danych, nie ma wp\u0142ywu na mo\u017cliwo\u015b\u0107 korzystania z Serwisu.<\/p>\n<p>\u00a78<br \/>Uprawnienia wynikaj\u0105ce z RODO w zakresie przetwarzanych danych<br \/>Ma Pani\/Pan prawo:<br \/>1) \u017c\u0105da\u0107 od Administratora wgl\u0105du do Pani\/a danych, a tak\u017ce otrzymania ich kopii (art. 15 RODO);<br \/>2) \u017c\u0105da\u0107 od Administratora sprostowania lub poprawienia danych (art. 16 RODO) \u2013 w odniesieniu do \u017c\u0105dania sprostowania danych, gdy zauwa\u017cy Pani\/Pan, \u017ce dane s\u0105 nieprawid\u0142owe lub niekompletne;<br \/>3) \u017c\u0105da\u0107 od Administratora usuni\u0119cia danych (art. 17 RODO);<br \/>4) \u017c\u0105da\u0107 od Administratora ograniczenia przetwarzania (18 RODO) \u2013 np. gdy zauwa\u017cy Pani\/Pan, \u017ce dane s\u0105 nieprawid\u0142owe \u2013 mo\u017ce Pani\/Pan \u017c\u0105da\u0107 ograniczenia przetwarzania swoich danych na okres pozwalaj\u0105cy nam sprawdzi\u0107 prawid\u0142owo\u015b\u0107 tych danych);<br \/>5) wniesienia skargi w zwi\u0105zku z przetwarzaniem przez Administratora Pani\/Pana danych osobowych do Prezesa Urz\u0119du Ochrony Danych Osobowych.<\/p>\n<p>\u00a79<br \/>Odbiorcy Pani\/Pana danych osobowych<br \/>1. Odbiorcami Pani\/a danych osobowych mog\u0105 by\u0107 wy\u0142\u0105cznie podmioty, kt\u00f3re uprawnione s\u0105 do ich otrzymania na mocy przepis\u00f3w prawa.<br \/>2. Pani\/a dane mog\u0105 by\u0107 r\u00f3wnie\u017c udost\u0119pnione dostawcom us\u0142ug zewn\u0119trznych w zakresie us\u0142ug IT oraz ksi\u0119gowo\u015bci, kt\u00f3rzy to b\u0119d\u0105 zobowi\u0105zani do zachowania poufno\u015bci Pa\u0144stwa danych osobowych oraz do przetwarzania ich zgodnie z przepisami dotycz\u0105cymi ochrony danych osobowych.<\/p>\n<p>\u00a710<br \/>Czas przechowywania danych<br \/>1. Pani\/a dane osobowe b\u0119d\u0105 przechowywane do czasu wycofania zgody lub do czasu za\u0142atwienia sprawy, a nast\u0119pnie do up\u0142ywu okresu przedawnienia roszcze\u0144 stron zwi\u0105zanych z jej realizacj\u0105.<br \/>2. Dane zwi\u0105zane z analiz\u0105 ruchu sieciowego gromadzone za po\u015brednictwem plik\u00f3w cookies oraz podobnych technologii mog\u0105 by\u0107 przechowywane do momentu wyga\u015bni\u0119cia pliku cookie. Niekt\u00f3re pliki cookie nigdy nie wygasaj\u0105, w zwi\u0105zku z tym czas przechowywania danych b\u0119dzie r\u00f3wnowa\u017cny z czasem niezb\u0119dnym administratorowi do zrealizowania cel\u00f3w zwi\u0105zanych z gromadzeniem danych, jak zapewnienie bezpiecze\u0144stwa i analiza danych historycznych zwi\u0105zanych z ruchem na stronie.<\/p>\n<p>\u00a711<br \/>Przekazywanie danych do pa\u0144stwa trzeciego lub organizacji mi\u0119dzynarodowej<br \/>W ramach Serwisu, Administrator korzysta z us\u0142ugi analizy statystycznej ruchu poprzez us\u0142ug\u0119 Google Analytics, udost\u0119pnian\u0105 przez Google Inc. z siedzib\u0105 w USA. Administrator nie przekazuje do us\u0142ugodawcy \u017cadnych danych osobowych U\u017cytkownik\u00f3w, a wy\u0142\u0105cznie zanonimizowane informacje na temat sposobu korzystania z Serwisu przez jego u\u017cytkownik\u00f3w z wykorzystaniem plik\u00f3w cookies w urz\u0105dzeniu ko\u0144cowym u\u017cytkownika.<\/p>\n<p>\u00a712<br \/>Wykorzystywanie plik\u00f3w cookies oraz podobnych technologii<br \/>1. Serwis umo\u017cliwia gromadzenie informacji o u\u017cytkowniku za po\u015brednictwem cookies oraz podobnych technologii, kt\u00f3rych korzystanie najcz\u0119\u015bciej wi\u0105\u017ce si\u0119 z zainstalowaniem tego narz\u0119dzia na urz\u0105dzeniu u\u017cytkownika (komputer, smartfon, itd.). Wykorzystuje si\u0119 te informacje do zapami\u0119tywania decyzji u\u017cytkownika (wyb\u00f3r czcionki, kontrastu, akceptacja polityki), utrzymania sesji u\u017cytkownika (np. po zalogowaniu), zapami\u0119tania has\u0142a (za zgod\u0105), gromadzenia informacji o urz\u0105dzeniu u\u017cytkownika oraz jego wizycie s\u0142u\u017c\u0105ce do zapewnienia bezpiecze\u0144stwa, ale tak\u017ce analizy wizyt i dostosowania tre\u015bci.<br \/>2. Informacje pozyskane za po\u015brednictwem cookies oraz podobnych technologii nie s\u0105 \u0142\u0105czone z innymi danymi u\u017cytkownik\u00f3w Serwisu, nie s\u0142u\u017c\u0105 te\u017c do ich identyfikacji przez Administratora.<br \/>3. U\u017cytkownik ma mo\u017cliwo\u015b\u0107 ustawi\u0107 w przegl\u0105darce blokowanie okre\u015blonych rodzaj\u00f3w cookies i innych technologii, poprzez okre\u015blenie na przyk\u0142ad, \u017ce dozwolone b\u0119d\u0105 tylko i wy\u0142\u0105cznie te, kt\u00f3re s\u0105 niezb\u0119dne do poprawnego wy\u015bwietlenia strony. Domy\u015blnie wi\u0119kszo\u015b\u0107 przegl\u0105darek dopuszcza stosowanie wszystkich cookies, jednak u\u017cytkownik ma mo\u017cliwo\u015b\u0107 zmiany tych ustawie\u0144 w dowolnym momencie, mo\u017ce tak\u017ce usun\u0105\u0107 zainstalowane ju\u017c pliki cookies. Ka\u017cda z przegl\u0105darek umo\u017cliwia takie dzia\u0142anie poprzez jedn\u0105 z dost\u0119pnych w ustawieniach lub preferencjach opcji.<br \/>4. U\u017cytkownik ma tak\u017ce mo\u017cliwo\u015b\u0107 korzysta\u0107 ze strony w tzw. trybie incognito, kt\u00f3ry blokuje mo\u017cliwo\u015b\u0107 gromadzenia danych o jego wizycie.<br \/>5. Korzystanie z serwisu bez zmiany ustawie\u0144 przegl\u0105darki, tzn. z domy\u015blnym akceptowaniem plik\u00f3w cookies i podobnych technologii oznacza zgod\u0119 na ich wykorzystanie do okre\u015blonych powy\u017cej cel\u00f3w. Administrator nie wykorzystuje uzyskanych informacji do cel\u00f3w marketingowych.<\/p>\n<p>\u00a713<br \/>Postanowienia ko\u0144cowe<br \/>1. W zakresie nieuregulowanym niniejsz\u0105 Polityk\u0105, odpowiednie zastosowanie znajduj\u0105 przepisy prawa powszechnie obowi\u0105zuj\u0105cego, ze szczeg\u00f3lnym uwzgl\u0119dnieniem RODO, ustawy z dnia z dnia 23 kwietnia 1964 roku \u2013 Kodeks cywilny oraz ustawy z dnia z dnia 18 lipca 2002 roku o \u015bwiadczeniu us\u0142ug drog\u0105 elektroniczn\u0105.<br \/>2. Administrator zastrzega sobie wszelkie prawa do zmiany niniejszej Polityki.<br \/>3. Niniejsza wersja Polityki obowi\u0105zuje od dnia 1 listopada 2023 roku.<\/p>\n<\/div>\n<\/div>\n<\/div>\n<\/div>\n<\/div>\n<\/div>\t\t\t\t\t\t\t\t<\/div>\n\t\t\t\t<\/div>\n\t\t\t\t\t<\/div>\n\t\t\t\t<\/div>\n\t\t\t\t<\/div>\n\t\t","protected":false},"excerpt":{"rendered":"<p>Polityka prywatno\u015bci POLITYKA PRYWATNO\u015aCISERWISU REKOWSKI.COM.PL \u00a71Informacje og\u00f3lnePolityka skierowana jest do u\u017cytkownik\u00f3w strony internetowej https:\/\/rekowski.com.pl (zwanej dalej: \u201eSerwisem\u201d). W niniejszym dokumencie (zwanym dalej: \u201ePolityk\u0105\u201d) zosta\u0142y opisane zasady gromadzenia oraz wykorzystywania danych u\u017cytkownik\u00f3w serwisu, kt\u00f3re s\u0105 gromadzone bezpo\u015brednio od nich lub za po\u015brednictwem plik\u00f3w cookies oraz podobnych technologii. \u00a72Administrator danych i kontakt do niego1. Administratorem danych gromadzonych<br \/><a href=\"https:\/\/rekowski.com.pl\/?page_id=3\" class=\"more\">Read more<\/a><\/p>\n","protected":false},"author":1,"featured_media":0,"parent":0,"menu_order":0,"comment_status":"closed","ping_status":"open","template":"","meta":{"footnotes":""},"categories":[],"tags":[],"class_list":["post-3","page","type-page","status-publish","hentry"],"_links":{"self":[{"href":"https:\/\/rekowski.com.pl\/index.php?rest_route=\/wp\/v2\/pages\/3","targetHints":{"allow":["GET"]}}],"collection":[{"href":"https:\/\/rekowski.com.pl\/index.php?rest_route=\/wp\/v2\/pages"}],"about":[{"href":"https:\/\/rekowski.com.pl\/index.php?rest_route=\/wp\/v2\/types\/page"}],"author":[{"embeddable":true,"href":"https:\/\/rekowski.com.pl\/index.php?rest_route=\/wp\/v2\/users\/1"}],"replies":[{"embeddable":true,"href":"https:\/\/rekowski.com.pl\/index.php?rest_route=%2Fwp%2Fv2%2Fcomments&post=3"}],"version-history":[{"count":4,"href":"https:\/\/rekowski.com.pl\/index.php?rest_route=\/wp\/v2\/pages\/3\/revisions"}],"predecessor-version":[{"id":7590,"href":"https:\/\/rekowski.com.pl\/index.php?rest_route=\/wp\/v2\/pages\/3\/revisions\/7590"}],"wp:attachment":[{"href":"https:\/\/rekowski.com.pl\/index.php?rest_route=%2Fwp%2Fv2%2Fmedia&parent=3"}],"wp:term":[{"taxonomy":"category","embeddable":true,"href":"https:\/\/rekowski.com.pl\/index.php?rest_route=%2Fwp%2Fv2%2Fcategories&post=3"},{"taxonomy":"post_tag","embeddable":true,"href":"https:\/\/rekowski.com.pl\/index.php?rest_route=%2Fwp%2Fv2%2Ftags&post=3"}],"curies":[{"name":"wp","href":"https:\/\/api.w.org\/{rel}","templated":true}]}}