{"id":3675,"date":"2015-01-31T13:08:09","date_gmt":"2015-01-31T05:08:09","guid":{"rendered":"http:\/\/www.rd-themes.com\/TheFox\/?page_id=3675"},"modified":"2024-07-09T15:10:09","modified_gmt":"2024-07-09T15:10:09","slug":"o-nas","status":"publish","type":"page","link":"https:\/\/rekowski.com.pl\/?page_id=3675","title":{"rendered":"O nas"},"content":{"rendered":"<div class=\"wpb-content-wrapper\"><p>[vc_row css=&#8221;.vc_custom_1422768721545{margin-bottom: 0px !important;padding-top: 89px !important;padding-bottom: 33px !important;}&#8221; parallax_background=&#8221;&#8221;][vc_column width=&#8221;1\/2&#8243; animation=&#8221;rda_fadeInLeft&#8221; css=&#8221;.vc_custom_1422769029372{padding-bottom: 46px !important;}&#8221;][vc_single_image image=&#8221;7306&#8243; img_size=&#8221;full&#8221; css=&#8221;&#8221;][\/vc_column][vc_column width=&#8221;1\/2&#8243; css=&#8221;.vc_custom_1422768540581{padding-top: 4px !important;padding-bottom: 50px !important;}&#8221;][vc_custom_heading text=&#8221;FIRMA REKOWSKI&#8221; font_container=&#8221;tag:h2|font_size:30|text_align:left&#8221; google_fonts=&#8221;font_family:Lato%3A100%2C100italic%2C300%2C300italic%2Cregular%2Citalic%2C700%2C700italic%2C900%2C900italic|font_style:900%20bold%20regular%3A900%3Anormal&#8221; css=&#8221;.vc_custom_1718348586592{margin-bottom: 17px !important;}&#8221; el_class=&#8221;letterspacing-2&#8243;][vc_column_text css=&#8221;.vc_custom_1718348594985{margin-bottom: 25px !important;}&#8221;]<\/p>\n<div class=\"text\"><strong>\u201eFIRMA REKOWSKI\u201d<\/strong>\u00a0zajmuje si\u0119 produkcj\u0105 podzespo\u0142\u00f3w i cz\u0119\u015bci zamiennych do maszyn rolniczych. Naszym g\u0142\u00f3wnym produktem s\u0105 cz\u0119\u015bci do kosiarek rotacyjnych. D\u0142ugoletnie do\u015bwiadczenie w obr\u00f3bce metalu gwarantuje wysok\u0105 jako\u015b\u0107 i 100% powtarzalno\u015b\u0107 produkowanych wyrob\u00f3w. Pocz\u0105tkowo funkcjonuj\u0105c jako firma \u201eMILENA\u201d , kt\u00f3ra istnieje na rynku ponad 20 lat postanowili\u015bmy otworzy\u0107 drug\u0105 firm\u0119 , kt\u00f3rej g\u0142\u00f3wnym filarem jest bran\u017ca metalowa. Posiadamy nowoczesny park maszynowy co pozwala \u015bwiadczy\u0107 us\u0142ugi z zakresu ci\u0119cia , gi\u0119cia i spawania stali. Wszystkie nasze produkty malujemy farbami proszkowymi firmy INVER.<\/div>\n<div class=\"vc_empty_space\"><\/div>\n<div class=\"text\">\u201eFIRMA REKOWSKI \u201d \u015bci\u015ble wsp\u00f3\u0142pracuje z pr\u0119\u017cnie rozwijaj\u0105c\u0105 si\u0119 firm\u0105 INVER producentem farb proszkowych. Produkty INVER gwarantuj\u0105 wysok\u0105 wydajno\u015b\u0107 oraz jako\u015b\u0107 zgodnie ze standardami Qualicoat .Systematyczne badania prowadzone przez INVER sprawiaj\u0105 , \u017ce firma jest w stanie wyprodukowa\u0107 ka\u017cdy \u017c\u0105dany przez klienta produkt a \u201eFIRMA REKOWSKI\u201d dostarczy go Pa\u0144stwu w ka\u017cde miejsce w Polsce.<\/div>\n<div class=\"vc_empty_space\"><\/div>\n<div class=\"text\">Od wielu lat produkujemy r\u00f3wnie\u017c fartuchy ochronne do kosiarek rotacyjnych oraz wyroby foliowe i gumowe wed\u0142ug indywidualnych zam\u00f3wie\u0144.<\/div>\n<div class=\"vc_empty_space\"><\/div>\n<div class=\"text\">Naszym celem jest zaspokojenie potrzeb i wysokich wymaga\u0144 odbiorc\u00f3w na rynku krajowym i europejskim. Szeroki wachlarz us\u0142ug sprawia , \u017ce ka\u017cdy z naszych klient\u00f3w znajdzie tutaj rozwi\u0105zanie na miar\u0119 swoich potrzeb.<\/div>\n<div class=\"vc_empty_space\"><\/div>\n<div class=\"text\">Zapraszamy do wsp\u00f3\u0142pracy.<\/div>\n<p>[\/vc_column_text]<style type=\"text\/css\" >#b_6k41317jmdadt7isqnou a{color:#2c3e50; background:#ffffff; border-style:solid; border-color:#2c3e50; margin-top:0px; margin-bottom:0px;  margin-left:0px; margin-right:0px; font-weight:700; border-radius:4px;}#b_6k41317jmdadt7isqnou a:hover{color:#ffffff ; background:#2c3e50 ; border-color:#2c3e50;}<\/style><div class=\"ta_left tf_btn_pos\" id=\"b_6k41317jmdadt7isqnou\" ><a class=\"rd_stroke_bt small_rd_bt border_2px  bt_icon_right   \" href=\"\/kontakt\/\" target=\"\"   ><span>SKONTAKTUJ SI\u0118 Z NAMI<\/span><i class=\"ion-ios7-arrow-thin-right\" ><\/i><\/a><\/div><style type=\"text\/css\" >#b_6k41317jmdadt7isqnou i {color:#2c3e50;}#b_6k41317jmdadt7isqnou a:hover i{color:#ffffff;}<\/style><style type='text\/css'> @font-face{font-family: 'ion'; src:url('https:\/\/rekowski.com.pl\/wp-content\/themes\/thefox\/includes\/4k-icons\/icons\/4k-icons-pack03\/icons\/fonts\/ion.eot'); src:url('https:\/\/rekowski.com.pl\/wp-content\/themes\/thefox\/includes\/4k-icons\/icons\/4k-icons-pack03\/icons\/fonts\/ion.eot?#iefix') format('embedded-opentype'), url('https:\/\/rekowski.com.pl\/wp-content\/themes\/thefox\/includes\/4k-icons\/icons\/4k-icons-pack03\/icons\/fonts\/ion.woff') format('woff'), url('https:\/\/rekowski.com.pl\/wp-content\/themes\/thefox\/includes\/4k-icons\/icons\/4k-icons-pack03\/icons\/fonts\/ion.ttf') format('truetype'), url('https:\/\/rekowski.com.pl\/wp-content\/themes\/thefox\/includes\/4k-icons\/icons\/4k-icons-pack03\/icons\/fonts\/ion.svg#oi') format('svg'); font-weight: normal; font-style: normal;}#b_6k41317jmdadt7isqnou .ion-ios7-arrow-thin-right:before{font-family: 'ion'; font-weight: normal; font-style: normal;}#b_6k41317jmdadt7isqnou .ion-ios7-arrow-thin-right:before{content: \"\\e8bb\";}<\/style>\n[\/vc_column][\/vc_row][vc_row type=&#8221;full-width-content&#8221; parallax_background=&#8221;&#8221; css=&#8221;.vc_custom_1422685879437{margin-bottom: 0px !important;}&#8221;][vc_column width=&#8221;1\/3&#8243; animation=&#8221;rda_flipInY&#8221; css=&#8221;.vc_custom_1422685803705{padding-top: 5% !important;padding-right: 5% !important;padding-bottom: 5% !important;padding-left: 5% !important;background-color: #63d8ff !important;}&#8221; font_color=&#8221;#ffffff&#8221;][vc_custom_heading text=&#8221;CZ\u0118\u015aCI ZAMIENNE DO KOSIARKI ROTACYJNEJ&#8221; font_container=&#8221;tag:h2|font_size:15|text_align:left|color:%23ffffff&#8221; google_fonts=&#8221;font_family:Lato%3A100%2C100italic%2C300%2C300italic%2Cregular%2Citalic%2C700%2C700italic%2C900%2C900italic|font_style:900%20bold%20regular%3A900%3Anormal&#8221; css=&#8221;.vc_custom_1718362392115{margin-bottom: 2px !important;}&#8221; el_class=&#8221;letterspacing-1&#8243;][vc_column_text css=&#8221;.vc_custom_1718362613273{margin-bottom: 23px !important;}&#8221;]<\/p>\n<div class=\"text\">Produkujemy cz\u0119\u015bci zamienne do kosiarki rotacyjnej wysokiej jako\u015bci i 100 % powtarzalno\u015bci wyrob\u00f3w. Nasze do\u015bwiadczenie w produkcji cz\u0119\u015bci zamiennych zapewni\u0105 d\u0142ug\u0105 i bezawaryjn\u0105 prac\u0119 maszyny.<\/div>\n<p>[\/vc_column_text]<style type=\"text\/css\" >#b_hzpk8lh17hdrevmbu4v1 a{color:#ffffff; background:#63d8ff; border-style:solid; border-color:#ffffff; margin-top:0px; margin-bottom:0px;  margin-left:0px; margin-right:0px; font-weight:900; border-radius:4px;}#b_hzpk8lh17hdrevmbu4v1 a:hover{color:#63d8ff ; background:#ffffff ; border-color:#ffffff;}<\/style><div class=\"ta_left tf_btn_pos\" id=\"b_hzpk8lh17hdrevmbu4v1\" ><a class=\"rd_stroke_bt smallmedium_rd_bt border_2px  \" href=\"\/czesci-zamienne-do-kosiarki-rotacyjnej\/\" target=\"\"   >WI\u0118CEJ<\/a><\/div>[\/vc_column][vc_column width=&#8221;1\/3&#8243; animation=&#8221;rda_flipInY&#8221; css=&#8221;.vc_custom_1422770736765{padding-top: 5% !important;padding-right: 5% !important;padding-bottom: 5% !important;padding-left: 5% !important;background-color: #4e459a !important;}&#8221; font_color=&#8221;#ffffff&#8221;][vc_custom_heading text=&#8221;FARBY PROSZKOWE INVER&#8221; font_container=&#8221;tag:h2|font_size:15|text_align:left|color:%23ffffff&#8221; google_fonts=&#8221;font_family:Lato%3A100%2C100italic%2C300%2C300italic%2Cregular%2Citalic%2C700%2C700italic%2C900%2C900italic|font_style:900%20bold%20regular%3A900%3Anormal&#8221; css=&#8221;.vc_custom_1718362423802{margin-bottom: 2px !important;}&#8221; el_class=&#8221;letterspacing-1&#8243;][vc_column_text css=&#8221;.vc_custom_1718362416674{margin-bottom: 23px !important;}&#8221;]<\/p>\n<div class=\"text\">Farby proszkowe INVER gwarantuj\u0105 wysok\u0105 wydajno\u015b\u0107 oraz jako\u015b\u0107. Naszym celem jest dostarczenie farb proszkowych w dowolnie wskazane miejsce, przy zachowaniu jak najwy\u017cszej jako\u015bci obs\u0142ugi.<\/div>\n<p>[\/vc_column_text]<style type=\"text\/css\" >#b_aur2skwjsqze739byars a{color:#ffffff; background:#4e459a; border-style:solid; border-color:#ffffff; margin-top:0px; margin-bottom:0px;  margin-left:0px; margin-right:0px; font-weight:900; border-radius:4px;}#b_aur2skwjsqze739byars a:hover{color:#4e459a ; background:#ffffff ; border-color:#ffffff;}<\/style><div class=\"ta_left tf_btn_pos\" id=\"b_aur2skwjsqze739byars\" ><a class=\"rd_stroke_bt smallmedium_rd_bt border_2px  \" href=\"\/farby-proszkowe-inver\/\" target=\"\"   >WI\u0118CEJ<\/a><\/div>[\/vc_column][vc_column width=&#8221;1\/3&#8243; animation=&#8221;rda_flipInY&#8221; css=&#8221;.vc_custom_1422685791701{padding-top: 5% !important;padding-right: 5% !important;padding-bottom: 5% !important;padding-left: 5% !important;background-color: #e36968 !important;}&#8221; font_color=&#8221;#ffffff&#8221;][vc_custom_heading text=&#8221;US\u0141UGI CI\u0118CIA, GI\u0118CIA I SPAWANIA STALI&#8221; font_container=&#8221;tag:h2|font_size:15|text_align:left|color:%23ffffff&#8221; google_fonts=&#8221;font_family:Lato%3A100%2C100italic%2C300%2C300italic%2Cregular%2Citalic%2C700%2C700italic%2C900%2C900italic|font_style:900%20bold%20regular%3A900%3Anormal&#8221; css=&#8221;.vc_custom_1718362483029{margin-bottom: 2px !important;}&#8221; el_class=&#8221;letterspacing-1&#8243;][vc_column_text css=&#8221;.vc_custom_1718362455090{margin-bottom: 23px !important;}&#8221;]<\/p>\n<div class=\"text\">\u015awiadczymy us\u0142ugi z zakresu ci\u0119cia, gi\u0119cia i spawania stali. Posiadamy wieloletnie do\u015bwiadczenie w obr\u00f3bce metalu, dzi\u0119ki czemu nasze produkty i us\u0142ugi s\u0105 wysokiej jako\u015bci i w konkurencyjnej cenie.<\/div>\n<p>[\/vc_column_text]<style type=\"text\/css\" >#b_b2jafwuxm5qdhw70btwt a{color:#ffffff; background:#e36968; border-style:solid; border-color:#ffffff; margin-top:0px; margin-bottom:0px;  margin-left:0px; margin-right:0px; font-weight:900; border-radius:4px;}#b_b2jafwuxm5qdhw70btwt a:hover{color:#e36968 ; background:#ffffff ; border-color:#ffffff;}<\/style><div class=\"ta_left tf_btn_pos\" id=\"b_b2jafwuxm5qdhw70btwt\" ><a class=\"rd_stroke_bt smallmedium_rd_bt border_2px  \" href=\"#\" target=\"\"   >WI\u0118CEJ<\/a><\/div>[\/vc_column][\/vc_row]<\/p>\n<\/div>","protected":false},"excerpt":{"rendered":"<p>[vc_row css=&#8221;.vc_custom_1422768721545{margin-bottom: 0px !important;padding-top: 89px !important;padding-bottom: 33px !important;}&#8221; parallax_background=&#8221;&#8221;][vc_column width=&#8221;1\/2&#8243; animation=&#8221;rda_fadeInLeft&#8221; css=&#8221;.vc_custom_1422769029372{padding-bottom: 46px !important;}&#8221;][vc_single_image image=&#8221;7306&#8243; img_size=&#8221;full&#8221; css=&#8221;&#8221;][\/vc_column][vc_column width=&#8221;1\/2&#8243; css=&#8221;.vc_custom_1422768540581{padding-top: 4px !important;padding-bottom: 50px !important;}&#8221;][vc_custom_heading text=&#8221;FIRMA REKOWSKI&#8221; font_container=&#8221;tag:h2|font_size:30|text_align:left&#8221; google_fonts=&#8221;font_family:Lato%3A100%2C100italic%2C300%2C300italic%2Cregular%2Citalic%2C700%2C700italic%2C900%2C900italic|font_style:900%20bold%20regular%3A900%3Anormal&#8221; css=&#8221;.vc_custom_1718348586592{margin-bottom: 17px !important;}&#8221; el_class=&#8221;letterspacing-2&#8243;][vc_column_text css=&#8221;.vc_custom_1718348594985{margin-bottom: 25px !important;}&#8221;] \u201eFIRMA REKOWSKI\u201d\u00a0zajmuje si\u0119 produkcj\u0105 podzespo\u0142\u00f3w i cz\u0119\u015bci zamiennych do maszyn rolniczych. Naszym g\u0142\u00f3wnym produktem s\u0105 cz\u0119\u015bci do kosiarek rotacyjnych. D\u0142ugoletnie do\u015bwiadczenie<br \/><a href=\"https:\/\/rekowski.com.pl\/?page_id=3675\" class=\"more\">Read more<\/a><\/p>\n","protected":false},"author":1,"featured_media":0,"parent":0,"menu_order":0,"comment_status":"closed","ping_status":"open","template":"","meta":{"footnotes":""},"categories":[],"tags":[],"class_list":["post-3675","page","type-page","status-publish","hentry"],"_links":{"self":[{"href":"https:\/\/rekowski.com.pl\/index.php?rest_route=\/wp\/v2\/pages\/3675","targetHints":{"allow":["GET"]}}],"collection":[{"href":"https:\/\/rekowski.com.pl\/index.php?rest_route=\/wp\/v2\/pages"}],"about":[{"href":"https:\/\/rekowski.com.pl\/index.php?rest_route=\/wp\/v2\/types\/page"}],"author":[{"embeddable":true,"href":"https:\/\/rekowski.com.pl\/index.php?rest_route=\/wp\/v2\/users\/1"}],"replies":[{"embeddable":true,"href":"https:\/\/rekowski.com.pl\/index.php?rest_route=%2Fwp%2Fv2%2Fcomments&post=3675"}],"version-history":[{"count":12,"href":"https:\/\/rekowski.com.pl\/index.php?rest_route=\/wp\/v2\/pages\/3675\/revisions"}],"predecessor-version":[{"id":7594,"href":"https:\/\/rekowski.com.pl\/index.php?rest_route=\/wp\/v2\/pages\/3675\/revisions\/7594"}],"wp:attachment":[{"href":"https:\/\/rekowski.com.pl\/index.php?rest_route=%2Fwp%2Fv2%2Fmedia&parent=3675"}],"wp:term":[{"taxonomy":"category","embeddable":true,"href":"https:\/\/rekowski.com.pl\/index.php?rest_route=%2Fwp%2Fv2%2Fcategories&post=3675"},{"taxonomy":"post_tag","embeddable":true,"href":"https:\/\/rekowski.com.pl\/index.php?rest_route=%2Fwp%2Fv2%2Ftags&post=3675"}],"curies":[{"name":"wp","href":"https:\/\/api.w.org\/{rel}","templated":true}]}}