{"id":7407,"date":"2024-06-20T14:03:58","date_gmt":"2024-06-20T14:03:58","guid":{"rendered":"https:\/\/rekowski2.blogcat.uk\/?page_id=7407"},"modified":"2024-07-09T11:22:18","modified_gmt":"2024-07-09T11:22:18","slug":"oferta","status":"publish","type":"page","link":"https:\/\/rekowski.com.pl\/?page_id=7407","title":{"rendered":"Oferta"},"content":{"rendered":"\t\t<div data-elementor-type=\"wp-page\" data-elementor-id=\"7407\" class=\"elementor elementor-7407\" data-elementor-post-type=\"page\">\n\t\t\t\t<div class=\"elementor-element elementor-element-92cff25 e-flex e-con-boxed e-con e-parent\" data-id=\"92cff25\" data-element_type=\"container\" data-e-type=\"container\">\n\t\t\t\t\t<div class=\"e-con-inner\">\n\t\t<div class=\"elementor-element elementor-element-9dbecde e-grid e-con-boxed e-con e-child\" data-id=\"9dbecde\" data-element_type=\"container\" data-e-type=\"container\">\n\t\t\t\t\t<div class=\"e-con-inner\">\n\t\t\t\t<div class=\"elementor-element elementor-element-246045d elementor-widget elementor-widget-image\" data-id=\"246045d\" data-element_type=\"widget\" data-e-type=\"widget\" data-widget_type=\"image.default\">\n\t\t\t\t<div class=\"elementor-widget-container\">\n\t\t\t\t\t\t\t\t\t\t\t\t<figure class=\"wp-caption\">\n\t\t\t\t\t\t\t\t\t\t\t<a href=\"\/czesci-zamienne-do-kosiarki-rotacyjnej\/\">\n\t\t\t\t\t\t\t<img fetchpriority=\"high\" decoding=\"async\" width=\"650\" height=\"360\" src=\"https:\/\/rekowski.com.pl\/wp-content\/uploads\/2024\/06\/fartuch_ochronny_oferta-1.png\" class=\"attachment-large size-large wp-image-7398\" alt=\"\" srcset=\"https:\/\/rekowski.com.pl\/wp-content\/uploads\/2024\/06\/fartuch_ochronny_oferta-1.png 650w, https:\/\/rekowski.com.pl\/wp-content\/uploads\/2024\/06\/fartuch_ochronny_oferta-1-300x166.png 300w\" sizes=\"(max-width: 650px) 100vw, 650px\" \/>\t\t\t\t\t\t\t\t<\/a>\n\t\t\t\t\t\t\t\t\t\t\t<figcaption class=\"widget-image-caption wp-caption-text\">CZ\u0118\u015aCI ZAMIENNE DO KOSIARKI ROTACYJNEJ<\/figcaption>\n\t\t\t\t\t\t\t\t\t\t<\/figure>\n\t\t\t\t\t\t\t\t\t<\/div>\n\t\t\t\t<\/div>\n\t\t\t\t<div class=\"elementor-element elementor-element-dcb9423 elementor-widget elementor-widget-image\" data-id=\"dcb9423\" data-element_type=\"widget\" data-e-type=\"widget\" data-widget_type=\"image.default\">\n\t\t\t\t<div class=\"elementor-widget-container\">\n\t\t\t\t\t\t\t\t\t\t\t\t<figure class=\"wp-caption\">\n\t\t\t\t\t\t\t\t\t\t\t<a href=\"\/farby-proszkowe-inver\/\">\n\t\t\t\t\t\t\t<img decoding=\"async\" width=\"650\" height=\"360\" src=\"https:\/\/rekowski.com.pl\/wp-content\/uploads\/2024\/06\/inver_oferta.jpg\" class=\"attachment-large size-large wp-image-7414\" alt=\"\" srcset=\"https:\/\/rekowski.com.pl\/wp-content\/uploads\/2024\/06\/inver_oferta.jpg 650w, https:\/\/rekowski.com.pl\/wp-content\/uploads\/2024\/06\/inver_oferta-300x166.jpg 300w\" sizes=\"(max-width: 650px) 100vw, 650px\" \/>\t\t\t\t\t\t\t\t<\/a>\n\t\t\t\t\t\t\t\t\t\t\t<figcaption class=\"widget-image-caption wp-caption-text\">FARBY PROSZKOWE INVER<\/figcaption>\n\t\t\t\t\t\t\t\t\t\t<\/figure>\n\t\t\t\t\t\t\t\t\t<\/div>\n\t\t\t\t<\/div>\n\t\t\t\t<div class=\"elementor-element elementor-element-071ed51 elementor-widget elementor-widget-image\" data-id=\"071ed51\" data-element_type=\"widget\" data-e-type=\"widget\" data-widget_type=\"image.default\">\n\t\t\t\t<div class=\"elementor-widget-container\">\n\t\t\t\t\t\t\t\t\t\t\t\t<figure class=\"wp-caption\">\n\t\t\t\t\t\t\t\t\t\t\t<a href=\"\/fartuchy-ochronne\/\">\n\t\t\t\t\t\t\t<img decoding=\"async\" width=\"650\" height=\"360\" src=\"https:\/\/rekowski.com.pl\/wp-content\/uploads\/2024\/06\/Fartuch-z-obciaznikiem-3_oferta.jpg\" class=\"attachment-large size-large wp-image-7371\" alt=\"\" srcset=\"https:\/\/rekowski.com.pl\/wp-content\/uploads\/2024\/06\/Fartuch-z-obciaznikiem-3_oferta.jpg 650w, https:\/\/rekowski.com.pl\/wp-content\/uploads\/2024\/06\/Fartuch-z-obciaznikiem-3_oferta-300x166.jpg 300w\" sizes=\"(max-width: 650px) 100vw, 650px\" \/>\t\t\t\t\t\t\t\t<\/a>\n\t\t\t\t\t\t\t\t\t\t\t<figcaption class=\"widget-image-caption wp-caption-text\">FARTUCHY OCHRONNE<\/figcaption>\n\t\t\t\t\t\t\t\t\t\t<\/figure>\n\t\t\t\t\t\t\t\t\t<\/div>\n\t\t\t\t<\/div>\n\t\t\t\t<div class=\"elementor-element elementor-element-9f26ba3 elementor-widget elementor-widget-image\" data-id=\"9f26ba3\" data-element_type=\"widget\" data-e-type=\"widget\" data-widget_type=\"image.default\">\n\t\t\t\t<div class=\"elementor-widget-container\">\n\t\t\t\t\t\t\t\t\t\t\t\t<figure class=\"wp-caption\">\n\t\t\t\t\t\t\t\t\t\t\t<a href=\"\/wyroby-foliowe-i-gumowe\/\">\n\t\t\t\t\t\t\t<img loading=\"lazy\" decoding=\"async\" width=\"650\" height=\"360\" src=\"https:\/\/rekowski.com.pl\/wp-content\/uploads\/2024\/06\/folia_guma.jpg\" class=\"attachment-large size-large wp-image-7415\" alt=\"\" srcset=\"https:\/\/rekowski.com.pl\/wp-content\/uploads\/2024\/06\/folia_guma.jpg 650w, https:\/\/rekowski.com.pl\/wp-content\/uploads\/2024\/06\/folia_guma-300x166.jpg 300w\" sizes=\"(max-width: 650px) 100vw, 650px\" \/>\t\t\t\t\t\t\t\t<\/a>\n\t\t\t\t\t\t\t\t\t\t\t<figcaption class=\"widget-image-caption wp-caption-text\">WYROBY FOLIOWE I GUMOWE<\/figcaption>\n\t\t\t\t\t\t\t\t\t\t<\/figure>\n\t\t\t\t\t\t\t\t\t<\/div>\n\t\t\t\t<\/div>\n\t\t\t\t<div class=\"elementor-element elementor-element-a0107b7 elementor-widget elementor-widget-image\" data-id=\"a0107b7\" data-element_type=\"widget\" data-e-type=\"widget\" data-widget_type=\"image.default\">\n\t\t\t\t<div class=\"elementor-widget-container\">\n\t\t\t\t\t\t\t\t\t\t\t\t<figure class=\"wp-caption\">\n\t\t\t\t\t\t\t\t\t\t<img loading=\"lazy\" decoding=\"async\" width=\"347\" height=\"167\" src=\"https:\/\/rekowski.com.pl\/wp-content\/uploads\/2024\/06\/spawacz.jpg\" class=\"attachment-large size-large wp-image-7417\" alt=\"\" srcset=\"https:\/\/rekowski.com.pl\/wp-content\/uploads\/2024\/06\/spawacz.jpg 347w, https:\/\/rekowski.com.pl\/wp-content\/uploads\/2024\/06\/spawacz-300x144.jpg 300w\" sizes=\"(max-width: 347px) 100vw, 347px\" \/>\t\t\t\t\t\t\t\t\t\t\t<figcaption class=\"widget-image-caption wp-caption-text\">CI\u0118CIE, GI\u0118CIE I SPAWANIE STALI<\/figcaption>\n\t\t\t\t\t\t\t\t\t\t<\/figure>\n\t\t\t\t\t\t\t\t\t<\/div>\n\t\t\t\t<\/div>\n\t\t\t\t\t<\/div>\n\t\t\t\t<\/div>\n\t\t\t\t\t<\/div>\n\t\t\t\t<\/div>\n\t\t\t\t<\/div>\n\t\t","protected":false},"excerpt":{"rendered":"<p>CZ\u0118\u015aCI ZAMIENNE DO KOSIARKI ROTACYJNEJ FARBY PROSZKOWE INVER FARTUCHY OCHRONNE WYROBY FOLIOWE I GUMOWE CI\u0118CIE, GI\u0118CIE I SPAWANIE STALI<br \/><a href=\"https:\/\/rekowski.com.pl\/?page_id=7407\" class=\"more\">Read more<\/a><\/p>\n","protected":false},"author":1,"featured_media":0,"parent":0,"menu_order":0,"comment_status":"closed","ping_status":"open","template":"","meta":{"footnotes":""},"categories":[],"tags":[],"class_list":["post-7407","page","type-page","status-publish","hentry"],"_links":{"self":[{"href":"https:\/\/rekowski.com.pl\/index.php?rest_route=\/wp\/v2\/pages\/7407","targetHints":{"allow":["GET"]}}],"collection":[{"href":"https:\/\/rekowski.com.pl\/index.php?rest_route=\/wp\/v2\/pages"}],"about":[{"href":"https:\/\/rekowski.com.pl\/index.php?rest_route=\/wp\/v2\/types\/page"}],"author":[{"embeddable":true,"href":"https:\/\/rekowski.com.pl\/index.php?rest_route=\/wp\/v2\/users\/1"}],"replies":[{"embeddable":true,"href":"https:\/\/rekowski.com.pl\/index.php?rest_route=%2Fwp%2Fv2%2Fcomments&post=7407"}],"version-history":[{"count":20,"href":"https:\/\/rekowski.com.pl\/index.php?rest_route=\/wp\/v2\/pages\/7407\/revisions"}],"predecessor-version":[{"id":7577,"href":"https:\/\/rekowski.com.pl\/index.php?rest_route=\/wp\/v2\/pages\/7407\/revisions\/7577"}],"wp:attachment":[{"href":"https:\/\/rekowski.com.pl\/index.php?rest_route=%2Fwp%2Fv2%2Fmedia&parent=7407"}],"wp:term":[{"taxonomy":"category","embeddable":true,"href":"https:\/\/rekowski.com.pl\/index.php?rest_route=%2Fwp%2Fv2%2Fcategories&post=7407"},{"taxonomy":"post_tag","embeddable":true,"href":"https:\/\/rekowski.com.pl\/index.php?rest_route=%2Fwp%2Fv2%2Ftags&post=7407"}],"curies":[{"name":"wp","href":"https:\/\/api.w.org\/{rel}","templated":true}]}}