{"id":7545,"date":"2024-07-04T10:45:10","date_gmt":"2024-07-04T10:45:10","guid":{"rendered":"https:\/\/rekowski2.blogcat.uk\/?page_id=7545"},"modified":"2026-04-06T16:18:05","modified_gmt":"2026-04-06T16:18:05","slug":"farby","status":"publish","type":"page","link":"https:\/\/rekowski.com.pl\/?page_id=7545","title":{"rendered":"Farby proszkowe INVER"},"content":{"rendered":"\t\t<div data-elementor-type=\"wp-page\" data-elementor-id=\"7545\" class=\"elementor elementor-7545\" data-elementor-post-type=\"page\">\n\t\t\t\t<div class=\"elementor-element elementor-element-92cff25 e-flex e-con-boxed e-con e-parent\" data-id=\"92cff25\" data-element_type=\"container\" data-e-type=\"container\">\n\t\t\t\t\t<div class=\"e-con-inner\">\n\t\t\t\t<div class=\"elementor-element elementor-element-12f3030 elementor-widget elementor-widget-image\" data-id=\"12f3030\" data-element_type=\"widget\" data-e-type=\"widget\" data-widget_type=\"image.default\">\n\t\t\t\t<div class=\"elementor-widget-container\">\n\t\t\t\t\t\t\t\t\t\t\t\t\t\t\t<img fetchpriority=\"high\" decoding=\"async\" width=\"1024\" height=\"421\" src=\"https:\/\/rekowski.com.pl\/wp-content\/uploads\/2024\/07\/farby_proszkowe_glowna_1-1024x421.jpg\" class=\"attachment-large size-large wp-image-7548\" alt=\"\" srcset=\"https:\/\/rekowski.com.pl\/wp-content\/uploads\/2024\/07\/farby_proszkowe_glowna_1-1024x421.jpg 1024w, https:\/\/rekowski.com.pl\/wp-content\/uploads\/2024\/07\/farby_proszkowe_glowna_1-300x123.jpg 300w, https:\/\/rekowski.com.pl\/wp-content\/uploads\/2024\/07\/farby_proszkowe_glowna_1-768x316.jpg 768w, https:\/\/rekowski.com.pl\/wp-content\/uploads\/2024\/07\/farby_proszkowe_glowna_1.jpg 1500w\" sizes=\"(max-width: 1024px) 100vw, 1024px\" \/>\t\t\t\t\t\t\t\t\t\t\t\t\t\t\t<\/div>\n\t\t\t\t<\/div>\n\t\t\t\t\t<\/div>\n\t\t\t\t<\/div>\n\t\t<div class=\"elementor-element elementor-element-10d80c3 e-flex e-con-boxed e-con e-parent\" data-id=\"10d80c3\" data-element_type=\"container\" data-e-type=\"container\">\n\t\t\t\t\t<div class=\"e-con-inner\">\n\t\t\t\t<div class=\"elementor-element elementor-element-8a06b50 elementor-widget elementor-widget-text-editor\" data-id=\"8a06b50\" data-element_type=\"widget\" data-e-type=\"widget\" data-widget_type=\"text-editor.default\">\n\t\t\t\t<div class=\"elementor-widget-container\">\n\t\t\t\t\t\t\t\t\t<p>Produkty INVER gwarantuj\u0105 wysok\u0105 wydajno\u015b\u0107 oraz jako\u015b\u0107 zgodnie ze standardami Qualicoat. Systematyczne badania prowadzone przez INVER sprawiaj\u0105 , \u017ce firma jest w stanie wyprodukowa\u0107 ka\u017cdy \u017c\u0105dany przez klienta produkt a \u201eFIRMA REKOWSKI\u201d dostarczy go Pa\u0144stwu w ka\u017cde miejsce w Polsce.<br \/>Dlaczego malowanie proszkowe?<br \/>Malowanie proszkowe charakteryzuje si\u0119 szeregiem zalet technologicznych, ekonomicznych i ekologicznych m.in.:<br \/>natychmiastowa gotowo\u015b\u0107 u\u017cycia<br \/>elastyczno\u015b\u0107<br \/>odporno\u015b\u0107 na korozje i chemikalia ju\u017c przy jednej pow\u0142oce<br \/>silne zdolno\u015bci kryj\u0105ce<br \/>brak odpad\u00f3w<br \/>eliminacja wszelkiego rodzaju rozpuszczalnik\u00f3w(wyklucza nara\u017cenie ludzi na emisj\u0119 toksycznych par)<br \/>Farba proszkowa \u2013 Co to jest?<br \/>Farba proszkowa jest termoutwardzalnym spoiwem, wytworzonym ze zmielonej i jednorodnej mieszaniny r\u00f3\u017cnych substancji. W sk\u0142ad farb proszkowych wchodzi \u017cywica , kt\u00f3ra decyduje o podstawowych w\u0142asno\u015bciach pow\u0142oki lakierniczej takich jak twardo\u015b\u0107 , struktura , po\u0142ysk , odporno\u015b\u0107 chemiczna, odporno\u015b\u0107 na promieniowanie. Najcz\u0119\u015bciej wykorzystywane \u017cywice to epoksydy i nasycone poliestry. Kolejnym sk\u0142adnikiem farby proszkowej s\u0105 pigmenty , kt\u00f3re nadaj\u0105 po\u017c\u0105dany kolor. Uzupe\u0142nieniem s\u0105 wype\u0142niacze i r\u00f3\u017cnego rodzaju dodatki.<br \/>Prosimy o kontakt telefoniczny lub mailowy w celu zapoznania si\u0119 z ofert\u0105 cenow\u0105.<\/p>\t\t\t\t\t\t\t\t<\/div>\n\t\t\t\t<\/div>\n\t\t\t\t\t<\/div>\n\t\t\t\t<\/div>\n\t\t\t\t<\/div>\n\t\t","protected":false},"excerpt":{"rendered":"<p>Produkty INVER gwarantuj\u0105 wysok\u0105 wydajno\u015b\u0107 oraz jako\u015b\u0107 zgodnie ze standardami Qualicoat. Systematyczne badania prowadzone przez INVER sprawiaj\u0105 , \u017ce firma jest w stanie wyprodukowa\u0107 ka\u017cdy \u017c\u0105dany przez klienta produkt a \u201eFIRMA REKOWSKI\u201d dostarczy go Pa\u0144stwu w ka\u017cde miejsce w Polsce.Dlaczego malowanie proszkowe?Malowanie proszkowe charakteryzuje si\u0119 szeregiem zalet technologicznych, ekonomicznych i ekologicznych m.in.:natychmiastowa gotowo\u015b\u0107 u\u017cyciaelastyczno\u015b\u0107odporno\u015b\u0107 na<br \/><a href=\"https:\/\/rekowski.com.pl\/?page_id=7545\" class=\"more\">Read more<\/a><\/p>\n","protected":false},"author":1,"featured_media":0,"parent":0,"menu_order":0,"comment_status":"closed","ping_status":"closed","template":"","meta":{"footnotes":""},"categories":[89],"tags":[],"class_list":["post-7545","page","type-page","status-publish","hentry","category-farby-proszkowe"],"_links":{"self":[{"href":"https:\/\/rekowski.com.pl\/index.php?rest_route=\/wp\/v2\/pages\/7545","targetHints":{"allow":["GET"]}}],"collection":[{"href":"https:\/\/rekowski.com.pl\/index.php?rest_route=\/wp\/v2\/pages"}],"about":[{"href":"https:\/\/rekowski.com.pl\/index.php?rest_route=\/wp\/v2\/types\/page"}],"author":[{"embeddable":true,"href":"https:\/\/rekowski.com.pl\/index.php?rest_route=\/wp\/v2\/users\/1"}],"replies":[{"embeddable":true,"href":"https:\/\/rekowski.com.pl\/index.php?rest_route=%2Fwp%2Fv2%2Fcomments&post=7545"}],"version-history":[{"count":4,"href":"https:\/\/rekowski.com.pl\/index.php?rest_route=\/wp\/v2\/pages\/7545\/revisions"}],"predecessor-version":[{"id":7551,"href":"https:\/\/rekowski.com.pl\/index.php?rest_route=\/wp\/v2\/pages\/7545\/revisions\/7551"}],"wp:attachment":[{"href":"https:\/\/rekowski.com.pl\/index.php?rest_route=%2Fwp%2Fv2%2Fmedia&parent=7545"}],"wp:term":[{"taxonomy":"category","embeddable":true,"href":"https:\/\/rekowski.com.pl\/index.php?rest_route=%2Fwp%2Fv2%2Fcategories&post=7545"},{"taxonomy":"post_tag","embeddable":true,"href":"https:\/\/rekowski.com.pl\/index.php?rest_route=%2Fwp%2Fv2%2Ftags&post=7545"}],"curies":[{"name":"wp","href":"https:\/\/api.w.org\/{rel}","templated":true}]}}