{"id":7559,"date":"2024-07-09T11:08:24","date_gmt":"2024-07-09T11:08:24","guid":{"rendered":"https:\/\/rekowski2.blogcat.uk\/?page_id=7559"},"modified":"2024-07-09T11:19:52","modified_gmt":"2024-07-09T11:19:52","slug":"wyroby-foliowe-i-gumowe","status":"publish","type":"page","link":"https:\/\/rekowski.com.pl\/?page_id=7559","title":{"rendered":"Wyroby foliowe i gumowe"},"content":{"rendered":"\t\t<div data-elementor-type=\"wp-page\" data-elementor-id=\"7559\" class=\"elementor elementor-7559\" data-elementor-post-type=\"page\">\n\t\t\t\t<div class=\"elementor-element elementor-element-92cff25 e-flex e-con-boxed e-con e-parent\" data-id=\"92cff25\" data-element_type=\"container\" data-e-type=\"container\">\n\t\t\t\t\t<div class=\"e-con-inner\">\n\t\t\t\t<div class=\"elementor-element elementor-element-f114841 elementor-widget elementor-widget-heading\" data-id=\"f114841\" data-element_type=\"widget\" data-e-type=\"widget\" data-widget_type=\"heading.default\">\n\t\t\t\t<div class=\"elementor-widget-container\">\n\t\t\t\t\t<h1 class=\"elementor-heading-title elementor-size-default\">Wyroby Foliowe<\/h1>\t\t\t\t<\/div>\n\t\t\t\t<\/div>\n\t\t\t\t\t<\/div>\n\t\t\t\t<\/div>\n\t\t<div class=\"elementor-element elementor-element-5ded3c8 e-grid e-con-boxed e-con e-parent\" data-id=\"5ded3c8\" data-element_type=\"container\" data-e-type=\"container\">\n\t\t\t\t\t<div class=\"e-con-inner\">\n\t\t\t\t<div class=\"elementor-element elementor-element-0ff0363 elementor-widget elementor-widget-image\" data-id=\"0ff0363\" data-element_type=\"widget\" data-e-type=\"widget\" data-widget_type=\"image.default\">\n\t\t\t\t<div class=\"elementor-widget-container\">\n\t\t\t\t\t\t\t\t\t\t\t\t\t\t\t<img fetchpriority=\"high\" decoding=\"async\" width=\"1024\" height=\"683\" src=\"https:\/\/rekowski.com.pl\/wp-content\/uploads\/2024\/07\/Zgrzewarka-wyroby-foliowe-1024x683.jpg\" class=\"attachment-large size-large wp-image-7561\" alt=\"\" srcset=\"https:\/\/rekowski.com.pl\/wp-content\/uploads\/2024\/07\/Zgrzewarka-wyroby-foliowe-1024x683.jpg 1024w, https:\/\/rekowski.com.pl\/wp-content\/uploads\/2024\/07\/Zgrzewarka-wyroby-foliowe-300x200.jpg 300w, https:\/\/rekowski.com.pl\/wp-content\/uploads\/2024\/07\/Zgrzewarka-wyroby-foliowe-768x512.jpg 768w, https:\/\/rekowski.com.pl\/wp-content\/uploads\/2024\/07\/Zgrzewarka-wyroby-foliowe.jpg 1200w\" sizes=\"(max-width: 1024px) 100vw, 1024px\" \/>\t\t\t\t\t\t\t\t\t\t\t\t\t\t\t<\/div>\n\t\t\t\t<\/div>\n\t\t\t\t<div class=\"elementor-element elementor-element-3b6bd6a elementor-widget elementor-widget-text-editor\" data-id=\"3b6bd6a\" data-element_type=\"widget\" data-e-type=\"widget\" data-widget_type=\"text-editor.default\">\n\t\t\t\t<div class=\"elementor-widget-container\">\n\t\t\t\t\t\t\t\t\t<div class=\"text\">Produkujemy wszelkiego rodzaju wyroby foliowe wed\u0142ug indywidualnych potrzeb klient\u00f3w. Podstawowym asortymentem naszej firmy s\u0105 opakowania foliowe ,kt\u00f3re s\u0142u\u017c\u0105 zapakowaniu gotowego wyrobu i zabezpieczenia go na czas transportu.<\/div><div class=\"vc_empty_space\">\u00a0<\/div><div class=\"text\">W swojej ofercie posiadamy:<ul><li>kaptury foliowe dowolnego wymiaru<\/li><li>r\u0119kawy , p\u00f3\u0142 r\u0119kawy<\/li><li>worki<\/li><\/ul><p>\u00a0<\/p><\/div><div class=\"vc_empty_space\">\u00a0<\/div><div class=\"text\">Jeste\u015bmy otwarci do nawi\u0105zania wsp\u00f3\u0142pracy na nowe typy produkt\u00f3w zgodnie z wymaganiami klient\u00f3w.<\/div>\t\t\t\t\t\t\t\t<\/div>\n\t\t\t\t<\/div>\n\t\t\t\t\t<\/div>\n\t\t\t\t<\/div>\n\t\t<div class=\"elementor-element elementor-element-493b9cf e-flex e-con-boxed e-con e-parent\" data-id=\"493b9cf\" data-element_type=\"container\" data-e-type=\"container\">\n\t\t\t\t\t<div class=\"e-con-inner\">\n\t\t\t\t<div class=\"elementor-element elementor-element-64d27f4 elementor-widget elementor-widget-heading\" data-id=\"64d27f4\" data-element_type=\"widget\" data-e-type=\"widget\" data-widget_type=\"heading.default\">\n\t\t\t\t<div class=\"elementor-widget-container\">\n\t\t\t\t\t<h1 class=\"elementor-heading-title elementor-size-default\">Folia Stretch<\/h1>\t\t\t\t<\/div>\n\t\t\t\t<\/div>\n\t\t\t\t\t<\/div>\n\t\t\t\t<\/div>\n\t\t<div class=\"elementor-element elementor-element-22f2162 e-grid e-con-boxed e-con e-parent\" data-id=\"22f2162\" data-element_type=\"container\" data-e-type=\"container\">\n\t\t\t\t\t<div class=\"e-con-inner\">\n\t\t\t\t<div class=\"elementor-element elementor-element-306b848 elementor-widget elementor-widget-image\" data-id=\"306b848\" data-element_type=\"widget\" data-e-type=\"widget\" data-widget_type=\"image.default\">\n\t\t\t\t<div class=\"elementor-widget-container\">\n\t\t\t\t\t\t\t\t\t\t\t\t\t\t\t<img decoding=\"async\" width=\"712\" height=\"534\" src=\"https:\/\/rekowski.com.pl\/wp-content\/uploads\/2024\/07\/wyroby_foliowe.jpg\" class=\"attachment-large size-large wp-image-7563\" alt=\"\" srcset=\"https:\/\/rekowski.com.pl\/wp-content\/uploads\/2024\/07\/wyroby_foliowe.jpg 712w, https:\/\/rekowski.com.pl\/wp-content\/uploads\/2024\/07\/wyroby_foliowe-300x225.jpg 300w\" sizes=\"(max-width: 712px) 100vw, 712px\" \/>\t\t\t\t\t\t\t\t\t\t\t\t\t\t\t<\/div>\n\t\t\t\t<\/div>\n\t\t\t\t<div class=\"elementor-element elementor-element-e5b0d1e elementor-widget elementor-widget-text-editor\" data-id=\"e5b0d1e\" data-element_type=\"widget\" data-e-type=\"widget\" data-widget_type=\"text-editor.default\">\n\t\t\t\t<div class=\"elementor-widget-container\">\n\t\t\t\t\t\t\t\t\t<p>Owijanie r\u0119czne foli\u0105 stretch to wci\u0105\u017c najprostszy i najbardziej efektywny spos\u00f3b zabezpieczania \u0142adunk\u00f3w na palecie. Folia stretch unieruchamia towar, jednocze\u015bnie chroni\u0105c go przed dzia\u0142aniem warunk\u00f3w atmosferycznych.<br \/><br \/>W naszej ofercie znajduje si\u0119 szeroka gama folii w r\u00f3\u017cnych grubo\u015bciach i nawojach, dopasowanych do wymaga\u0144 klienta.<\/p>\t\t\t\t\t\t\t\t<\/div>\n\t\t\t\t<\/div>\n\t\t\t\t\t<\/div>\n\t\t\t\t<\/div>\n\t\t<div class=\"elementor-element elementor-element-bd7dd88 e-flex e-con-boxed e-con e-parent\" data-id=\"bd7dd88\" data-element_type=\"container\" data-e-type=\"container\">\n\t\t\t\t\t<div class=\"e-con-inner\">\n\t\t\t\t<div class=\"elementor-element elementor-element-d1811bd elementor-widget elementor-widget-heading\" data-id=\"d1811bd\" data-element_type=\"widget\" data-e-type=\"widget\" data-widget_type=\"heading.default\">\n\t\t\t\t<div class=\"elementor-widget-container\">\n\t\t\t\t\t<h1 class=\"elementor-heading-title elementor-size-default\">Wyroby Gumowe<\/h1>\t\t\t\t<\/div>\n\t\t\t\t<\/div>\n\t\t\t\t\t<\/div>\n\t\t\t\t<\/div>\n\t\t<div class=\"elementor-element elementor-element-fe3cdd7 e-grid e-con-boxed e-con e-parent\" data-id=\"fe3cdd7\" data-element_type=\"container\" data-e-type=\"container\">\n\t\t\t\t\t<div class=\"e-con-inner\">\n\t\t\t\t<div class=\"elementor-element elementor-element-04aace0 elementor-widget elementor-widget-image\" data-id=\"04aace0\" data-element_type=\"widget\" data-e-type=\"widget\" data-widget_type=\"image.default\">\n\t\t\t\t<div class=\"elementor-widget-container\">\n\t\t\t\t\t\t\t\t\t\t\t\t\t\t\t<img decoding=\"async\" width=\"849\" height=\"505\" src=\"https:\/\/rekowski.com.pl\/wp-content\/uploads\/2024\/07\/wyroby_gumowe.jpg\" class=\"attachment-large size-large wp-image-7564\" alt=\"\" srcset=\"https:\/\/rekowski.com.pl\/wp-content\/uploads\/2024\/07\/wyroby_gumowe.jpg 849w, https:\/\/rekowski.com.pl\/wp-content\/uploads\/2024\/07\/wyroby_gumowe-300x178.jpg 300w, https:\/\/rekowski.com.pl\/wp-content\/uploads\/2024\/07\/wyroby_gumowe-768x457.jpg 768w\" sizes=\"(max-width: 849px) 100vw, 849px\" \/>\t\t\t\t\t\t\t\t\t\t\t\t\t\t\t<\/div>\n\t\t\t\t<\/div>\n\t\t\t\t<div class=\"elementor-element elementor-element-a5f10eb elementor-widget elementor-widget-text-editor\" data-id=\"a5f10eb\" data-element_type=\"widget\" data-e-type=\"widget\" data-widget_type=\"text-editor.default\">\n\t\t\t\t<div class=\"elementor-widget-container\">\n\t\t\t\t\t\t\t\t\t<div class=\"text\">Oferujemy Pa\u0144stwu us\u0142ugi w zakresie wykonywania wyrob\u00f3w gumowych wed\u0142ug wzor\u00f3w i projekt\u00f3w dostarczonych przez Pa\u0144stwa. Do wykonywania element\u00f3w gumowych stosujemy wysokiej jako\u015bci materia\u0142y zgodnie z systemem kontroli jako\u015bci ISO.<\/div><div class=\"vc_empty_space\">\u00a0<\/div><div class=\"text\">Wzory i rysunki s\u0105 analizowane pod wzgl\u0119dem mo\u017cliwo\u015bci wykonania i zastosowania materia\u0142\u00f3w, jak r\u00f3wnie\u017c dostosowania do warunk\u00f3w pracy danego elementu.<\/div><div class=\"vc_empty_space\">\u00a0<\/div><div class=\"text\">Grubo\u015bci wyrob\u00f3w gumowych realizujemy od 1mm do 100mm.<\/div><div class=\"vc_empty_space\">\u00a0<\/div><div class=\"text\">Zapraszamy do wsp\u00f3\u0142pracy.<\/div>\t\t\t\t\t\t\t\t<\/div>\n\t\t\t\t<\/div>\n\t\t\t\t\t<\/div>\n\t\t\t\t<\/div>\n\t\t\t\t<\/div>\n\t\t","protected":false},"excerpt":{"rendered":"<p>Wyroby Foliowe Produkujemy wszelkiego rodzaju wyroby foliowe wed\u0142ug indywidualnych potrzeb klient\u00f3w. Podstawowym asortymentem naszej firmy s\u0105 opakowania foliowe ,kt\u00f3re s\u0142u\u017c\u0105 zapakowaniu gotowego wyrobu i zabezpieczenia go na czas transportu.\u00a0W swojej ofercie posiadamy: kaptury foliowe dowolnego wymiaru r\u0119kawy , p\u00f3\u0142 r\u0119kawy worki \u00a0 \u00a0Jeste\u015bmy otwarci do nawi\u0105zania wsp\u00f3\u0142pracy na nowe typy produkt\u00f3w zgodnie z wymaganiami klient\u00f3w.<br \/><a href=\"https:\/\/rekowski.com.pl\/?page_id=7559\" class=\"more\">Read more<\/a><\/p>\n","protected":false},"author":1,"featured_media":0,"parent":0,"menu_order":0,"comment_status":"closed","ping_status":"open","template":"","meta":{"footnotes":""},"categories":[],"tags":[],"class_list":["post-7559","page","type-page","status-publish","hentry"],"_links":{"self":[{"href":"https:\/\/rekowski.com.pl\/index.php?rest_route=\/wp\/v2\/pages\/7559","targetHints":{"allow":["GET"]}}],"collection":[{"href":"https:\/\/rekowski.com.pl\/index.php?rest_route=\/wp\/v2\/pages"}],"about":[{"href":"https:\/\/rekowski.com.pl\/index.php?rest_route=\/wp\/v2\/types\/page"}],"author":[{"embeddable":true,"href":"https:\/\/rekowski.com.pl\/index.php?rest_route=\/wp\/v2\/users\/1"}],"replies":[{"embeddable":true,"href":"https:\/\/rekowski.com.pl\/index.php?rest_route=%2Fwp%2Fv2%2Fcomments&post=7559"}],"version-history":[{"count":4,"href":"https:\/\/rekowski.com.pl\/index.php?rest_route=\/wp\/v2\/pages\/7559\/revisions"}],"predecessor-version":[{"id":7567,"href":"https:\/\/rekowski.com.pl\/index.php?rest_route=\/wp\/v2\/pages\/7559\/revisions\/7567"}],"wp:attachment":[{"href":"https:\/\/rekowski.com.pl\/index.php?rest_route=%2Fwp%2Fv2%2Fmedia&parent=7559"}],"wp:term":[{"taxonomy":"category","embeddable":true,"href":"https:\/\/rekowski.com.pl\/index.php?rest_route=%2Fwp%2Fv2%2Fcategories&post=7559"},{"taxonomy":"post_tag","embeddable":true,"href":"https:\/\/rekowski.com.pl\/index.php?rest_route=%2Fwp%2Fv2%2Ftags&post=7559"}],"curies":[{"name":"wp","href":"https:\/\/api.w.org\/{rel}","templated":true}]}}